{"id":1916,"date":"2024-11-10T12:56:02","date_gmt":"2024-11-10T11:56:02","guid":{"rendered":"https:\/\/www.julia-gutkina.de\/?page_id=1916"},"modified":"2024-11-10T13:51:10","modified_gmt":"2024-11-10T12:51:10","slug":"grafiken-fuer-caspar-david-friedrich","status":"publish","type":"page","link":"https:\/\/www.julia-gutkina.de\/en\/grafiken-fuer-caspar-david-friedrich\/","title":{"rendered":"Grafiken f\u00fcr Caspar David Friedrich"},"content":{"rendered":"<div data-elementor-type=\"wp-page\" data-elementor-id=\"1916\" class=\"elementor elementor-1916\">\n\t\t\t\t\t\t<section class=\"elementor-section elementor-top-section elementor-element elementor-element-4bb6a44 elementor-section-height-min-height elementor-section-boxed elementor-section-height-default elementor-section-items-middle\" data-id=\"4bb6a44\" data-element_type=\"section\">\n\t\t\t\t\t\t<div class=\"elementor-container elementor-column-gap-default\">\n\t\t\t\t\t<div class=\"elementor-column elementor-col-100 elementor-top-column elementor-element elementor-element-f8633a2\" data-id=\"f8633a2\" data-element_type=\"column\">\n\t\t\t<div class=\"elementor-widget-wrap\">\n\t\t\t\t\t\t\t<\/div>\n\t\t<\/div>\n\t\t\t\t\t<\/div>\n\t\t<\/section>\n\t\t\t\t<section class=\"elementor-section elementor-top-section elementor-element elementor-element-c219523 elementor-section-boxed elementor-section-height-default elementor-section-height-default\" data-id=\"c219523\" data-element_type=\"section\">\n\t\t\t\t\t\t<div class=\"elementor-container elementor-column-gap-default\">\n\t\t\t\t\t<div class=\"elementor-column elementor-col-100 elementor-top-column elementor-element elementor-element-f36cc39\" data-id=\"f36cc39\" data-element_type=\"column\">\n\t\t\t<div class=\"elementor-widget-wrap elementor-element-populated\">\n\t\t\t\t\t\t<div class=\"elementor-element elementor-element-b9f61d4 elementor-widget__width-initial elementor-widget elementor-widget-text-editor\" data-id=\"b9f61d4\" data-element_type=\"widget\" data-widget_type=\"text-editor.default\">\n\t\t\t\t<div class=\"elementor-widget-container\">\n\t\t\t\t\t\t\t\t\t<h4>Eine Druckgrafik f\u00fcr Caspar David Friedrich<\/h4><p><span style=\"color: #000000;\">K\u00fcnstler aus ganz Deutschland folgten dem Aufruf des Amtes f\u00fcr Bildung, Kultur und Sport, Ihre ganz pers\u00f6nlichen Geburtstagsgr\u00fc\u00dfe f\u00fcr Caspar David Friedrich im Jubil\u00e4umsjahr nach Greifswald zu senden. Anl\u00e4sslich des Tages der Druckkunst er\u00f6ffnen am 14. und 16. M\u00e4rz vier Galerien in Greifswald Ausstellungen des Wettbewerbes \u201eDruckgrafiken f\u00fcr Caspar David Friedrich\u201c. Im Literaturzentrum Wolfgang Koeppen, St. Spiritus, im KunstLADEN des Pommerschen K\u00fcnstlerbundes e.V. in der Feldstra\u00dfe sowie in der Kleinen Rathausgalerie werden Grafiken pr\u00e4sentiert, die in den klassischen Drucktechniken wie Radierung, Holzschnitt, Linolschnitt oder Siebdruck angefertigt wurden.<span class=\"Apple-converted-space\">\u00a0<\/span><\/span><\/p><p><span style=\"color: #000000;\">Den Besucher erwartet eine beeindruckende Vielfalt k\u00fcnstlerischer Ideen und Handschriften und ein spannendes Teilnehmerfeld. So ist die \u00e4lteste Teilnehmerin Jahrgang 1937. Sowohl Studierende als auch professionelle und praktizierende K\u00fcnstler haben ihre Werke eingereicht. Diese kommen aus allen Teilen Deutschlands, von Nordfriesland bis L\u00f6rrach an der Schweizer Grenze. Bekannte K\u00fcnstler\/-innen aus unserer Heimatregion sind ebenfalls vertreten. Die kleinste Grafik misst gerade einmal 5,5 x 7 cm, die gr\u00f6\u00dfte 3-teilige Arbeit dagegen, welche im Koeppenhaus zu sehen sein wird, nimmt beachtliche 2,70 m Wandfl\u00e4che ein.<span class=\"Apple-converted-space\">\u00a0<\/span><\/span><\/p><p><span style=\"color: #000000;\">Viele Arbeiten greifen Motive aus Friedrichs bildnerischen Schaffen auf und transformieren Sie in unsere Gegenwart. Sie lassen auch aktuelle Themen wie den Ukrainekrieg nicht aus. Eine Radierplatte entstand direkt im Oblast Donezk in der Ostukraine. Wiederkehrende Themen in den Ausstellungsteilen sind die Natur, Berglandschaften und Bilder vom Meer in ihrer Beziehung zum Menschen. Zahlreiche weitere k\u00fcnstlerische Positionen werden pr\u00e4sentiert, darunter Stillleben, fig\u00fcrliche Bilder, ungegenst\u00e4ndliche Arbeiten und Werke visueller Poesie.<span class=\"Apple-converted-space\">\u00a0<\/span><\/span><\/p><p><span style=\"color: #000000;\">Eine Jury w\u00e4hlte im Vorfeld aus den \u00fcber 200 eingereichten Beitr\u00e4gen 5 Preistr\u00e4ger aus. Anl\u00e4sslich der Vernissage am 14. M\u00e4rz im St. Spiritus werden die 5 gek\u00fcrten K\u00fcnstler und ihre Werke dem Publikum vorgestellt. Zus\u00e4tzlich k\u00f6nnen die Besucher bis zum 30. M\u00e4rz \u00fcber ihren Favoriten abstimmen. Dem K\u00fcnstler, der die meisten Stimmen erh\u00e4lt wird am 12. April im Koeppenhaus ein Publikumspreis verliehen.<span class=\"Apple-converted-space\">\u00a0<\/span><\/span><\/p><p><span style=\"color: #000000;\">Im Folgenden eine \u00dcbersicht der Einrichtungen und Ausstellungszeitr\u00e4ume:<span class=\"Apple-converted-space\">\u00a0<\/span><\/span><\/p><p><span style=\"color: #000000;\">Kleine Rathausgalerie:<\/span><br \/><span style=\"color: #000000;\">Vernissage am 14.03.2024 um 18 Uhr. Hier werden ebenfalls Grafiken aus den Partnerst\u00e4dten Greifswalds zu sehen sein. Ausstellungsdauer 14.03.-03.05.2024.<span class=\"Apple-converted-space\">\u00a0<\/span><\/span><\/p><p><span style=\"color: #000000;\">Koeppenhaus: <\/span><br \/><span style=\"color: #000000;\">Vernissage am 14.03.2024 um 19 Uhr, Ausstellungsdauer 14.03.-12.04.2024<span class=\"Apple-converted-space\">\u00a0<\/span><\/span><\/p><p><span style=\"color: #000000;\">St. Spiritus, Galerie in der Kapelle: <\/span><br \/><span style=\"color: #000000;\">Vernissage mit Preisverleihung am 14.03.2024 um 20 Uhr<span class=\"Apple-converted-space\">\u00a0<\/span><\/span><\/p><p><span style=\"color: #000000;\">Duration of exhibition<span class=\"Apple-converted-space\">\u00a0<\/span><\/span><\/p><p><span style=\"color: #000000;\">PKB KunstLADEN<span class=\"Apple-converted-space\">\u00a0<br \/><\/span>Vernissage am 16.03.2024 um 15 Uhr, Ausstellungsdauer 16.03.-27.04.2024<span class=\"Apple-converted-space\">\u00a0<\/span><\/span><\/p><p><span style=\"color: #000000;\">Ausstellungsbegleitendes Programm:<\/span><br \/><span style=\"color: #000000;\">14.3., 20 Uhr<span class=\"Apple-converted-space\">\u00a0<br \/><\/span>Preisverleihung an die Gewinner der 5 Hauptpreise im St. Spiritus Greifswald<span class=\"Apple-converted-space\">\u00a0<\/span><\/span><\/p><p><span style=\"color: #000000;\">12.4., 16 Uhr<span class=\"Apple-converted-space\">\u00a0<br \/><\/span>F\u00fchrung durch den Ausstellungsteil im Koeppenhaus: Entdecken Sie auf einer F\u00fchrung die Grafiken f\u00fcr Caspar David Friedrich im Koeppenhaus. K\u00fcnstler aus dem ganzen Bundesgebiet zeigen ihre Sicht auf den Landschaftsmaler in den vielf\u00e4ltigsten Formen der Druckgrafik.<span class=\"Apple-converted-space\">\u00a0<\/span><\/span><\/p><p><span style=\"color: #000000;\">12.4., 17 Uhr<span class=\"Apple-converted-space\">\u00a0<br \/><\/span>Finissage und Preisverleihung: Der Teil der Ausstellung &#8222;Druckgrafiken f\u00fcr Caspar David Friedrich&#8220; im Koeppenhaus endet am 12.4. Die Finissage und der Verleihung des Publikumspreises bilden einen angemessenen Ausklang f\u00fcr diesen Ausstellungsteil.<span class=\"Apple-converted-space\">\u00a0<\/span><\/span><\/p><p><span style=\"color: #000000;\">26.4., 16 Uhr<span class=\"Apple-converted-space\">\u00a0<br \/><\/span>F\u00fchrung durch den Ausstellungsteil im PKB KunstLADEN: Ein Teil der Einreichungen aus dem Wettbewerb &#8222;Druckgrafiken f\u00fcr Caspar David Friedrich&#8220; sind auch im PKB KunstLADEN zu bestaunen. Bundesweit haben sich \u00fcber 200 K\u00fcnstler mit ihrer Sicht auf den ber\u00fchmten Maler der Romantik zur\u00fcckgemeldet. Als Finissage wird Sigrid Henschel durch diesen Ausstellungsteil f\u00fchren, druckgrafische Prozesse erl\u00e4utern, Besonderheiten und die Wertsch\u00e4tzung f\u00fcr Caspar David Friedrich aufzeigen k\u00f6nnen.<span class=\"Apple-converted-space\">\u00a0<\/span><\/span><\/p><p><span style=\"color: #000000;\">3.5., 13 Uhr<span class=\"Apple-converted-space\">\u00a0<br \/><\/span>F\u00fchrung durch die Ausstellung \u201eDruckgrafiken aus Partnerst\u00e4dten f\u00fcr Caspar David Friedrich\u201c: Auch Greifswalds Partnerst\u00e4dte Stettin, Goleni\u00f3w und Osnabr\u00fcck nehmen am Caspar-David-Friedrich-Jubil\u00e4um teil. So beteiligen sich K\u00fcnstler aus allen drei St\u00e4dten mit druckgrafischen Arbeiten zu Leben und Werk des Landschaftsmalers an einer Ausstellung in der Rathausgalerie. Als Finissage bietet eine F\u00fchrung durch die Ausstellung Einblick in die verschiedenen k\u00fcnstlerischen Positionen und druckgrafischen Techniken.<span class=\"Apple-converted-space\">\u00a0<\/span><\/span><\/p><p><span style=\"color: #000000;\">3.5., 15 Uhr<span class=\"Apple-converted-space\">\u00a0<br \/><\/span>F\u00fchrung durch den Ausstellungsteil im St. Spiritus: Bundesweit haben sich \u00fcber 200 K\u00fcnstler mit ihrer Sicht auf den ber\u00fchmten Maler der Romantik zur\u00fcckgemeldet. Ein Teil dieser Arbeiten wird in der Galerie des St. Spiritus gezeigt. Als Finissage wird die Kuratorin der Ausstellung Dr. Birthe Dobroczek durch diesen Ausstellungsteil f\u00fchren und die vielgestaltige Wertsch\u00e4tzung f\u00fcr Caspar David Friedrich aufzeigen.<span class=\"Apple-converted-space\">\u00a0<\/span><\/span><\/p>\t\t\t\t\t\t\t\t<\/div>\n\t\t\t\t<\/div>\n\t\t\t\t\t<\/div>\n\t\t<\/div>\n\t\t\t\t\t<\/div>\n\t\t<\/section>\n\t\t\t\t<section class=\"elementor-section elementor-top-section elementor-element elementor-element-31becb9 elementor-section-boxed elementor-section-height-default elementor-section-height-default\" data-id=\"31becb9\" data-element_type=\"section\">\n\t\t\t\t\t\t<div class=\"elementor-container elementor-column-gap-default\">\n\t\t\t\t\t<div class=\"elementor-column elementor-col-100 elementor-top-column elementor-element elementor-element-4d6fa39\" data-id=\"4d6fa39\" data-element_type=\"column\">\n\t\t\t<div class=\"elementor-widget-wrap\">\n\t\t\t\t\t\t\t<\/div>\n\t\t<\/div>\n\t\t\t\t\t<\/div>\n\t\t<\/section>\n\t\t\t\t<section class=\"elementor-section elementor-top-section elementor-element elementor-element-4d5bb3e elementor-section-height-min-height elementor-section-items-top elementor-section-boxed elementor-section-height-default\" data-id=\"4d5bb3e\" data-element_type=\"section\" data-settings=\"{&quot;background_background&quot;:&quot;classic&quot;}\">\n\t\t\t\t\t\t<div class=\"elementor-container elementor-column-gap-default\">\n\t\t\t\t\t<div class=\"elementor-column elementor-col-50 elementor-top-column elementor-element elementor-element-b3b93d6\" data-id=\"b3b93d6\" data-element_type=\"column\">\n\t\t\t<div class=\"elementor-widget-wrap elementor-element-populated\">\n\t\t\t\t\t\t<div class=\"elementor-element elementor-element-f1236f4 elementor-widget elementor-widget-text-editor\" data-id=\"f1236f4\" data-element_type=\"widget\" data-widget_type=\"text-editor.default\">\n\t\t\t\t<div class=\"elementor-widget-container\">\n\t\t\t\t\t\t\t\t\t<p><span style=\"color: #000000;\"><a style=\"color: #000000;\" href=\"mailto:contact@julia-gutkina.de\">contact@julia-gutkina.de<\/a><br \/><br \/><a href=\"https:\/\/www.julia-gutkina.de\/en\/impressum\/\">Imprint<\/a><br \/><a style=\"font-size: 14px;\" href=\"https:\/\/www.julia-gutkina.de\/en\/datenschutzerklaerung\/\">Privacy Policy<\/a><br \/><\/span><\/p>\t\t\t\t\t\t\t\t<\/div>\n\t\t\t\t<\/div>\n\t\t\t\t\t<\/div>\n\t\t<\/div>\n\t\t\t\t<div class=\"elementor-column elementor-col-50 elementor-top-column elementor-element elementor-element-6f644a3\" data-id=\"6f644a3\" data-element_type=\"column\">\n\t\t\t<div class=\"elementor-widget-wrap elementor-element-populated\">\n\t\t\t\t\t\t<div class=\"elementor-element elementor-element-033aeb6 elementor-widget elementor-widget-text-editor\" data-id=\"033aeb6\" data-element_type=\"widget\" data-widget_type=\"text-editor.default\">\n\t\t\t\t<div class=\"elementor-widget-container\">\n\t\t\t\t\t\t\t\t\t<p>Kindly supported by<br \/>BBK &#8222;Neustart Kultur&#8220;<br \/>Die Beauftragte der Bundesregierung f\u00fcr Kultur und Medien<\/p>\t\t\t\t\t\t\t\t<\/div>\n\t\t\t\t<\/div>\n\t\t\t\t\t<\/div>\n\t\t<\/div>\n\t\t\t\t\t<\/div>\n\t\t<\/section>\n\t\t\t\t<\/div>","protected":false},"excerpt":{"rendered":"<p>Eine Druckgrafik f\u00fcr Caspar David Friedrich K\u00fcnstler aus ganz Deutschland folgten dem Aufruf des Amtes f\u00fcr Bildung, Kultur und Sport, Ihre ganz pers\u00f6nlichen Geburtstagsgr\u00fc\u00dfe f\u00fcr Caspar David Friedrich im Jubil\u00e4umsjahr nach Greifswald zu senden. Anl\u00e4sslich des Tages der Druckkunst er\u00f6ffnen am 14. und 16. M\u00e4rz vier Galerien in Greifswald Ausstellungen des Wettbewerbes \u201eDruckgrafiken f\u00fcr Caspar [&hellip;]<\/p>","protected":false},"author":1,"featured_media":0,"parent":0,"menu_order":0,"comment_status":"closed","ping_status":"closed","template":"","meta":{"ocean_post_layout":"full-screen","ocean_both_sidebars_style":"","ocean_both_sidebars_content_width":0,"ocean_both_sidebars_sidebars_width":0,"ocean_sidebar":"","ocean_second_sidebar":"","ocean_disable_margins":"enable","ocean_add_body_class":"","ocean_shortcode_before_top_bar":"","ocean_shortcode_after_top_bar":"","ocean_shortcode_before_header":"","ocean_shortcode_after_header":"","ocean_has_shortcode":"","ocean_shortcode_after_title":"","ocean_shortcode_before_footer_widgets":"","ocean_shortcode_after_footer_widgets":"","ocean_shortcode_before_footer_bottom":"","ocean_shortcode_after_footer_bottom":"","ocean_display_top_bar":"off","ocean_display_header":"default","ocean_header_style":"","ocean_center_header_left_menu":"","ocean_custom_header_template":"","ocean_custom_logo":0,"ocean_custom_retina_logo":0,"ocean_custom_logo_max_width":0,"ocean_custom_logo_tablet_max_width":0,"ocean_custom_logo_mobile_max_width":0,"ocean_custom_logo_max_height":0,"ocean_custom_logo_tablet_max_height":0,"ocean_custom_logo_mobile_max_height":0,"ocean_header_custom_menu":"","ocean_menu_typo_font_family":"","ocean_menu_typo_font_subset":"","ocean_menu_typo_font_size":0,"ocean_menu_typo_font_size_tablet":0,"ocean_menu_typo_font_size_mobile":0,"ocean_menu_typo_font_size_unit":"px","ocean_menu_typo_font_weight":"","ocean_menu_typo_font_weight_tablet":"","ocean_menu_typo_font_weight_mobile":"","ocean_menu_typo_transform":"","ocean_menu_typo_transform_tablet":"","ocean_menu_typo_transform_mobile":"","ocean_menu_typo_line_height":0,"ocean_menu_typo_line_height_tablet":0,"ocean_menu_typo_line_height_mobile":0,"ocean_menu_typo_line_height_unit":"","ocean_menu_typo_spacing":0,"ocean_menu_typo_spacing_tablet":0,"ocean_menu_typo_spacing_mobile":0,"ocean_menu_typo_spacing_unit":"","ocean_menu_link_color":"","ocean_menu_link_color_hover":"","ocean_menu_link_color_active":"","ocean_menu_link_background":"","ocean_menu_link_hover_background":"","ocean_menu_link_active_background":"","ocean_menu_social_links_bg":"","ocean_menu_social_hover_links_bg":"","ocean_menu_social_links_color":"","ocean_menu_social_hover_links_color":"","ocean_disable_title":"on","ocean_disable_heading":"default","ocean_post_title":"","ocean_post_subheading":"","ocean_post_title_style":"","ocean_post_title_background_color":"","ocean_post_title_background":0,"ocean_post_title_bg_image_position":"","ocean_post_title_bg_image_attachment":"","ocean_post_title_bg_image_repeat":"","ocean_post_title_bg_image_size":"","ocean_post_title_height":0,"ocean_post_title_bg_overlay":0.5,"ocean_post_title_bg_overlay_color":"","ocean_disable_breadcrumbs":"default","ocean_breadcrumbs_color":"","ocean_breadcrumbs_separator_color":"","ocean_breadcrumbs_links_color":"","ocean_breadcrumbs_links_hover_color":"","ocean_display_footer_widgets":"off","ocean_display_footer_bottom":"off","ocean_custom_footer_template":"","footnotes":""},"class_list":["post-1916","page","type-page","status-publish","hentry","entry"],"_links":{"self":[{"href":"https:\/\/www.julia-gutkina.de\/en\/wp-json\/wp\/v2\/pages\/1916","targetHints":{"allow":["GET"]}}],"collection":[{"href":"https:\/\/www.julia-gutkina.de\/en\/wp-json\/wp\/v2\/pages"}],"about":[{"href":"https:\/\/www.julia-gutkina.de\/en\/wp-json\/wp\/v2\/types\/page"}],"author":[{"embeddable":true,"href":"https:\/\/www.julia-gutkina.de\/en\/wp-json\/wp\/v2\/users\/1"}],"replies":[{"embeddable":true,"href":"https:\/\/www.julia-gutkina.de\/en\/wp-json\/wp\/v2\/comments?post=1916"}],"version-history":[{"count":10,"href":"https:\/\/www.julia-gutkina.de\/en\/wp-json\/wp\/v2\/pages\/1916\/revisions"}],"predecessor-version":[{"id":1987,"href":"https:\/\/www.julia-gutkina.de\/en\/wp-json\/wp\/v2\/pages\/1916\/revisions\/1987"}],"wp:attachment":[{"href":"https:\/\/www.julia-gutkina.de\/en\/wp-json\/wp\/v2\/media?parent=1916"}],"curies":[{"name":"wp","href":"https:\/\/api.w.org\/{rel}","templated":true}]}}