{"id":18,"date":"2021-03-03T18:44:32","date_gmt":"2021-03-03T17:44:32","guid":{"rendered":"https:\/\/www.julia-gutkina.de\/?page_id=18"},"modified":"2025-02-09T21:55:46","modified_gmt":"2025-02-09T20:55:46","slug":"vita","status":"publish","type":"page","link":"https:\/\/www.julia-gutkina.de\/en\/vita\/","title":{"rendered":"CV"},"content":{"rendered":"<div data-elementor-type=\"wp-page\" data-elementor-id=\"18\" class=\"elementor elementor-18\">\n\t\t\t\t\t\t<section class=\"elementor-section elementor-top-section elementor-element elementor-element-84cb204 elementor-section-boxed elementor-section-height-default elementor-section-height-default\" data-id=\"84cb204\" data-element_type=\"section\" data-e-type=\"section\">\n\t\t\t\t\t\t<div class=\"elementor-container elementor-column-gap-default\">\n\t\t\t\t\t<div class=\"elementor-column elementor-col-100 elementor-top-column elementor-element elementor-element-3bcdc4a\" data-id=\"3bcdc4a\" data-element_type=\"column\" data-e-type=\"column\">\n\t\t\t<div class=\"elementor-widget-wrap elementor-element-populated\">\n\t\t\t\t\t\t<div class=\"elementor-element elementor-element-da81cb8 elementor-widget elementor-widget-spacer\" data-id=\"da81cb8\" data-element_type=\"widget\" data-e-type=\"widget\" data-widget_type=\"spacer.default\">\n\t\t\t\t<div class=\"elementor-widget-container\">\n\t\t\t\t\t\t\t<div class=\"elementor-spacer\">\n\t\t\t<div class=\"elementor-spacer-inner\"><\/div>\n\t\t<\/div>\n\t\t\t\t\t\t<\/div>\n\t\t\t\t<\/div>\n\t\t\t\t<div class=\"elementor-element elementor-element-8f8d107 elementor-widget elementor-widget-heading\" data-id=\"8f8d107\" data-element_type=\"widget\" data-e-type=\"widget\" data-widget_type=\"heading.default\">\n\t\t\t\t<div class=\"elementor-widget-container\">\n\t\t\t\t\t<h2 class=\"elementor-heading-title elementor-size-default\">Julia Gutkina<\/h2>\t\t\t\t<\/div>\n\t\t\t\t<\/div>\n\t\t\t\t<div class=\"elementor-element elementor-element-8d14415 elementor-widget elementor-widget-image\" data-id=\"8d14415\" data-element_type=\"widget\" data-e-type=\"widget\" data-widget_type=\"image.default\">\n\t\t\t\t<div class=\"elementor-widget-container\">\n\t\t\t\t\t\t\t\t\t\t\t\t<figure class=\"wp-caption\">\n\t\t\t\t\t\t\t\t\t\t<img decoding=\"async\" src=\"https:\/\/www.julia-gutkina.de\/wp-content\/uploads\/2021\/03\/beim_druckvorgang_p61.jpg\" title=\"beim_druckvorgang_p61\" alt=\"beim_druckvorgang_p61\" loading=\"lazy\" \/>\t\t\t\t\t\t\t\t\t\t\t<figcaption class=\"widget-image-caption wp-caption-text\">while printing<\/figcaption>\n\t\t\t\t\t\t\t\t\t\t<\/figure>\n\t\t\t\t\t\t\t\t\t<\/div>\n\t\t\t\t<\/div>\n\t\t\t\t<div class=\"elementor-element elementor-element-fbfe17d elementor-widget elementor-widget-text-editor\" data-id=\"fbfe17d\" data-element_type=\"widget\" data-e-type=\"widget\" data-widget_type=\"text-editor.default\">\n\t\t\t\t<div class=\"elementor-widget-container\">\n\t\t\t\t\t\t\t\t\t<ul><li><span style=\"font-size: 14px;\">1970\u00a0<\/span><span style=\"font-size: 14px;\">Born in St. Petersburg, Russia<\/span><\/li><li><span style=\"font-size: 14px;\">1988\u20131996 Studies in painting and graphics at the State Academy of Fine\u00a0<\/span><span style=\"font-size: 14px;\">Arts Karlsruhe \nunder Prof M. G. Kaminski and Prof P. Ackermann<br \/><\/span><span style=\"font-size: 14px;\">Master Student under Prof M. G. Kaminski, degree<\/span><\/li><li><span style=\"font-size: 14px;\">since 1996 Freelance painter and graphic artist in Mannheim<\/span><\/li><li><span style=\"font-size: 14px;\"><span style=\"font-size: 14px;\">since 2000  Lecturer at the Freie Kunstakademie Mannheim<\/span><\/span><\/li><\/ul><p><strong style=\"font-size: 14px;\"><br \/>Awards, Scholarships, Distinctions, Grants (a selection)<\/strong><\/p><ul><li>2023 | Working scholarship, Artist House Cuxhaven<\/li><li>2021 | Projektstipendium der Stiftung Kulturwerk der VG Bild Kunst<\/li><li>2020 | Projektf\u00f6rderung Neustart Kultur BBK Bundesverband<\/li><li><span style=\"font-size: 14px;\">2018 | 27. Internationales Pleinair Schwedt, Arbeitsstipendium des Landes Brandenburg<\/span><\/li><li>2017 | Arbeitsstipendium des Landkreises Oder-Spree, Holzschnitt, Burg Beeskow<\/li><li>2016 | 26. S\u00e4chsisches Druckgrafik.Symposion Hohenossig, Leipzig<\/li><li>2014 | X. Internationales Pleinair, Atelier Otto Niemeyer-Holstein, L\u00fcttenort, Usedom,\u2028 Stipendium des Landes Mecklenburg-Vorpommern<\/li><li>1999\u20132000 | Study stay Atelier Contrepoint \u2013 former Atelier 17 \u2013, Paris, working scholarship of the French government<\/li><li>1999 | Working scholarship, Artist House Hooksiel<\/li><li>1998\u20131999 \u00a0| Arbeitsstipendium des Landes Niedersachsen, Atelierhaus Worpswede<\/li><li>1997\u20131998 | Cit\u00e9 Internationale des Arts Paris, scholarship of the state of Baden-W\u00fcrttemberg<\/li><li>1994 | \u201cArtists\u2019 Paths\u201d scholarship, Moscow<\/li><li>1990 | Award of the State Academy of Fine Arts Karlsruhe<\/li><\/ul><p><strong><br \/>Works in public collections (a selection):<\/strong><\/p><ul><li>Kunsthalle Mannheim<\/li><li>St\u00e4dtische Galerie Albstadt, Hartmann collection<\/li><li>Government Headquarters, Karlsruhe<\/li><li>State Ministry of Baden-Wurttemberg for Sciences, Research and Arts<\/li><li>Sparkasse Karlsruhe<\/li><li>Administrative Office of the Rhine-\u00adNeckar District<\/li><li>Sparkasse Leipzig<\/li><li>Cultural Affairs Office of the City of Leipzig<\/li><li>Kulturraum Leipziger Raum<\/li><li>Cultural Foundation of the State of Saxony<\/li><li>Cultural Affairs Office of the City of Mannheim<\/li><\/ul><p><strong><br \/>Exhibitions \/ Exhibition participations (a selection)<\/strong><\/p><ul><li>2024 | \u201eSammlung\u201c, Galerie M, Landau<\/li><li>\u201eGrafiken f\u00fcr Caspar David Friedrich\u201c, Koeppenhaus, Greifswald<\/li><li>2023 | \u201c\u2026lichtbedingt\u201d, Artist House Cuxhaven<\/li><li>2022 | \u201eHeimspiel 2\u201c, PORT 25 \u2013 Raum f\u00fcr Gegenwartskunst Mannheim<br \/>\u201e\u2026und unter druck entstehen Diamanten\u201c, xylon Museum Schwetzingen<\/li><li>2021 | Kunstverein Walkm\u00fchle, Wiesbaden<\/li><li>2019 | Galerie M, Landau in der Pfalz<\/li><li>2018 | \u201eZur Gr\u00f6\u00dfe bestimmt!\u201c, K\u00fcnstlerhaus Dortmund<br \/>\u201eSchwemmland\u201c, 27. Internationales Pleinair, Galerie am Kietz, Schwedt<\/li><li>2017 | St. Mary\u2019s Church, Beeskow (with, among others, Klaus Hack, Patrick Fauck, Anastasya Nesterova)<\/li><li>2016 | Oper Leipzig (with, among others, Kazuki Nakahara and Christoph Feist)<\/li><li>2015 | Government Headquarters, Karlsruhe<br \/>Trautmann exhibition space, Mannheim (with, among others, Silvia Wille and Katja Schwinn)<\/li><li>2014 | Museum Otto Niemeyer-Holstein, L\u00fcttenort, Usedom<\/li><li>2010 | Freie Kunstakademie Mannheim, Lecturers\u2019 forum; Welde Art Award, Plankstadt<\/li><li>2008 | Galerie Keller, Mannheim<br \/>Art Karlsruhe, Galerie Keller<\/li><li>2006 | Galerie Kr\u00e4nzl, G\u00f6ppingen; Art Karlsruhe, Galerie Kr\u00e4nzl<br \/>\u201cAtelier und K\u00fcnstler\u201d project, Rhine-Neckar District, Heidelberg administrative office<\/li><li>2005 | Galerie Kr\u00e4nzl, Gaienhofen-Horn<br \/>Kunstverein Schwetzingen (E)<\/li><li>2004 | Mich\u00e8le Broutta gallery, Paris<\/li><li>2003 7\u00e8me Prix des Arts du Rotary Club, CCI Strasbourg (also 2004)<br \/>4th Egyptian International Print Triennale, Cairo and Alexandria \/ Egypt<\/li><li>2002 | VII Bienal Internacional de Grabado, Ourense \/ Spanien<br \/>wegZiehen, Kommunale Galerie, Berlin<\/li><li>2001 | Schloss Solitude, Stuttgart<br \/>wegZiehen, Frauen Museum, Bonn<\/li><li>2000 | Experimentelle Rangegg, Gottmadingen<br \/>Mich\u00e8le Broutta gallery, Paris (also 2001)<br \/>Kunstverein Schorndorf (E)<\/li><li>1999 | 4th Nieders\u00e4chsische Grafik - Triennale \/ print graphics, Holzminden<\/li><li>1998 | Retour de Paris, Institut Fran\u00e7ais, Stuttgart (E)<br \/>Contemporary Prints, Arai gallery, Nishinomiya \/ Japan<br \/>Contemporary Prints II, Minami gallery, Moriyama \/ Japan<br \/>Kunstverein Rastatt (E)<\/li><li>1997 | Osaka Triennale 1997 \u2013 Print, Osaka \/ Japan<br \/>2nd Egyptian International Print Triennale, Cairo \/ Egypt<\/li><li>1996 | K\u00fcnstlerbund Baden-W\u00fcrttemberg, Ulmer Museum, Ulm<\/li><\/ul><p><strong><br \/>Publications<\/strong><\/p><ul><li>2023 | Julia Gutkina \u00b7 <span style=\"color: #993300;\"><a style=\"color: #993300;\" href=\"https:\/\/www.julia-gutkina.de\/en\/aktuelles\/\">am wasser \u00b7 fragmente<\/a><\/span> \u00b7 \u00a0Kim Behm<\/li><li>2020 | Julia Gutkina \u00b7 <span style=\"color: #993300;\"><a style=\"color: #993300;\" href=\"https:\/\/www.julia-gutkina.de\/en\/aktuelles\/\">naturbedingt<\/a><\/span> \u00b7 Kim Behm, Jeanette R\u00f6ssler, <br \/>Franka Keil u. J\u00fcrgen Fritsche<\/li><li>2016 | 26th Saxon Print Graphic Symposium \u00b7 Christine D. H\u00f6lzig, <br \/>Jeanette u. Reinhard R\u00f6ssler<\/li><li>2010 | Freie Kunstakademie Mannheim<\/li><li>2006 | Atelier und K\u00fcnstler, Rhein-Neckar-Kreis \u00b7 Rainer Lawicki<\/li><li>2004 | Julia Gutkina \u2013 Bilder, Reliefs und Arbeiten auf Papier \u00b7 Annette Hulek u. <br \/>Rainer Lawicki \u2028 Kunstverein Schwetzingen<\/li><li>2003 | 4th Egyptian International Print Triennale, Cairo and Alexandria<\/li><li>2002 | VII Bienal Internacional de Grabado, Ourense<\/li><li>2001 | Retour de Paris, jubilee exhibition \u00b7 Solitude Palace, Stuttgart<br \/>WegZiehen \u00b7 Frauen Museum, Bonn<\/li><li>2000 | Experimentelle 11 \u00b7 Randegg Castle<\/li><li>1999 | 4th Nieders\u00e4chsische Grafik - Triennale \/ print graphics \u00b7 Bevern Castle<\/li><li>1998 | Retour de Paris \u00b7 Institut Fran\u00e7ais de Stuttgart \u00b7 Dietmar Schuth<\/li><li>Julia Gutkina \u2013 Bilder und Radierungen \u00b7 Dietmar Schuth and Thomas Kurtz <br \/>Kunstverein Rastatt<\/li><li>1997 | Osaka Triennale 1997 \u2013 Print<\/li><li>2nd Egyptian International Print Triennale, Cairo<\/li><li>1996 | K\u00fcnstlerbund Baden-W\u00fcrttemberg \u00b7 Ulmer Museum<\/li><\/ul>\t\t\t\t\t\t\t\t<\/div>\n\t\t\t\t<\/div>\n\t\t\t\t<div class=\"elementor-element elementor-element-52efbaa elementor-widget elementor-widget-spacer\" data-id=\"52efbaa\" data-element_type=\"widget\" data-e-type=\"widget\" data-widget_type=\"spacer.default\">\n\t\t\t\t<div class=\"elementor-widget-container\">\n\t\t\t\t\t\t\t<div class=\"elementor-spacer\">\n\t\t\t<div class=\"elementor-spacer-inner\"><\/div>\n\t\t<\/div>\n\t\t\t\t\t\t<\/div>\n\t\t\t\t<\/div>\n\t\t\t\t\t<\/div>\n\t\t<\/div>\n\t\t\t\t\t<\/div>\n\t\t<\/section>\n\t\t\t\t<section class=\"elementor-section elementor-top-section elementor-element elementor-element-6b49ba8 elementor-section-height-min-height elementor-section-items-top elementor-section-boxed elementor-section-height-default\" data-id=\"6b49ba8\" data-element_type=\"section\" data-e-type=\"section\" data-settings=\"{&quot;background_background&quot;:&quot;classic&quot;}\">\n\t\t\t\t\t\t<div class=\"elementor-container elementor-column-gap-default\">\n\t\t\t\t\t<div class=\"elementor-column elementor-col-33 elementor-top-column elementor-element elementor-element-5011723\" data-id=\"5011723\" data-element_type=\"column\" data-e-type=\"column\">\n\t\t\t<div class=\"elementor-widget-wrap elementor-element-populated\">\n\t\t\t\t\t\t<div class=\"elementor-element elementor-element-a959e09 elementor-widget elementor-widget-text-editor\" data-id=\"a959e09\" data-element_type=\"widget\" data-e-type=\"widget\" data-widget_type=\"text-editor.default\">\n\t\t\t\t<div class=\"elementor-widget-container\">\n\t\t\t\t\t\t\t\t\t<p><span style=\"color: #000000;\"><a style=\"color: #000000;\" href=\"mailto:contact@julia-gutkina.de\">contact@julia-gutkina.de<\/a><\/span><\/p><p><a href=\"https:\/\/www.julia-gutkina.de\/en\/impressum\/\">Imprint<\/a><br \/><a style=\"font-size: 14px;\" href=\"https:\/\/www.julia-gutkina.de\/en\/datenschutzerklaerung\/\">Privacy Policy<\/a><\/p>\t\t\t\t\t\t\t\t<\/div>\n\t\t\t\t<\/div>\n\t\t\t\t\t<\/div>\n\t\t<\/div>\n\t\t\t\t<div class=\"elementor-column elementor-col-33 elementor-top-column elementor-element elementor-element-07bdead\" data-id=\"07bdead\" data-element_type=\"column\" data-e-type=\"column\">\n\t\t\t<div class=\"elementor-widget-wrap elementor-element-populated\">\n\t\t\t\t\t\t<div class=\"elementor-element elementor-element-a261555 elementor-widget elementor-widget-text-editor\" data-id=\"a261555\" data-element_type=\"widget\" data-e-type=\"widget\" data-widget_type=\"text-editor.default\">\n\t\t\t\t<div class=\"elementor-widget-container\">\n\t\t\t\t\t\t\t\t\t<p>Kindly supported by<br \/>BBK &#8222;Neustart Kultur&#8220;<br \/>Die Beauftragte der Bundesregierung f\u00fcr Kultur und Medien<\/p>\t\t\t\t\t\t\t\t<\/div>\n\t\t\t\t<\/div>\n\t\t\t\t\t<\/div>\n\t\t<\/div>\n\t\t\t\t<div class=\"elementor-column elementor-col-33 elementor-top-column elementor-element elementor-element-bf27f1b\" data-id=\"bf27f1b\" data-element_type=\"column\" data-e-type=\"column\">\n\t\t\t<div class=\"elementor-widget-wrap elementor-element-populated\">\n\t\t\t\t\t\t<div class=\"elementor-element elementor-element-49c44f7 elementor-widget__width-initial elementor-widget elementor-widget-text-editor\" data-id=\"49c44f7\" data-element_type=\"widget\" data-e-type=\"widget\" data-widget_type=\"text-editor.default\">\n\t\t\t\t<div class=\"elementor-widget-container\">\n\t\t\t\t\t\t\t\t\t<p>Visit my studio on Instagram<\/p>\t\t\t\t\t\t\t\t<\/div>\n\t\t\t\t<\/div>\n\t\t\t\t<div class=\"elementor-element elementor-element-ea88c6b elementor-widget elementor-widget-image\" data-id=\"ea88c6b\" data-element_type=\"widget\" data-e-type=\"widget\" data-widget_type=\"image.default\">\n\t\t\t\t<div class=\"elementor-widget-container\">\n\t\t\t\t\t\t\t\t\t\t\t\t\t\t\t\t<a href=\"https:\/\/www.instagram.com\/atelier_julia_gutkina\/\">\n\t\t\t\t\t\t\t<img decoding=\"async\" width=\"30\" height=\"30\" src=\"https:\/\/www.julia-gutkina.de\/wp-content\/uploads\/2025\/02\/Instagram-Icon-1.png\" class=\"attachment-thumbnail size-thumbnail wp-image-2040\" alt=\"\" srcset=\"https:\/\/www.julia-gutkina.de\/wp-content\/uploads\/2025\/02\/Instagram-Icon-1.png 30w, https:\/\/www.julia-gutkina.de\/wp-content\/uploads\/2025\/02\/Instagram-Icon-1-12x12.png 12w\" sizes=\"(max-width: 30px) 100vw, 30px\" \/>\t\t\t\t\t\t\t\t<\/a>\n\t\t\t\t\t\t\t\t\t\t\t\t\t\t\t<\/div>\n\t\t\t\t<\/div>\n\t\t\t\t\t<\/div>\n\t\t<\/div>\n\t\t\t\t\t<\/div>\n\t\t<\/section>\n\t\t\t\t<\/div>","protected":false},"excerpt":{"rendered":"<p>Julia Gutkina beim Druckvorgang 1970\u00a0geboren in St. Petersburg, Russland 1988\u20131996 Studium der Malerei und Grafik an der Staatlichen Akademie der \u2028 Bildenden\u00a0K\u00fcnste Karlsruhe bei Prof. M. G. Kaminski und Prof. P. AckermannMeistersch\u00fclerin bei Prof. M. G. Kaminski, Diplom seit 1996 freischaffende Malerin und Grafikerin in Mannheim seit 2000 Dozentin an der Freien Kunstakademie Mannheim Preise, [&hellip;]<\/p>\n","protected":false},"author":1,"featured_media":0,"parent":0,"menu_order":0,"comment_status":"closed","ping_status":"closed","template":"","meta":{"ocean_post_layout":"full-screen","ocean_both_sidebars_style":"","ocean_both_sidebars_content_width":0,"ocean_both_sidebars_sidebars_width":0,"ocean_sidebar":"0","ocean_second_sidebar":"0","ocean_disable_margins":"enable","ocean_add_body_class":"","ocean_shortcode_before_top_bar":"","ocean_shortcode_after_top_bar":"","ocean_shortcode_before_header":"","ocean_shortcode_after_header":"","ocean_has_shortcode":"","ocean_shortcode_after_title":"","ocean_shortcode_before_footer_widgets":"","ocean_shortcode_after_footer_widgets":"","ocean_shortcode_before_footer_bottom":"","ocean_shortcode_after_footer_bottom":"","ocean_display_top_bar":"off","ocean_display_header":"default","ocean_header_style":"","ocean_center_header_left_menu":"0","ocean_custom_header_template":"0","ocean_custom_logo":0,"ocean_custom_retina_logo":0,"ocean_custom_logo_max_width":0,"ocean_custom_logo_tablet_max_width":0,"ocean_custom_logo_mobile_max_width":0,"ocean_custom_logo_max_height":0,"ocean_custom_logo_tablet_max_height":0,"ocean_custom_logo_mobile_max_height":0,"ocean_header_custom_menu":"0","ocean_menu_typo_font_family":"0","ocean_menu_typo_font_subset":"","ocean_menu_typo_font_size":0,"ocean_menu_typo_font_size_tablet":0,"ocean_menu_typo_font_size_mobile":0,"ocean_menu_typo_font_size_unit":"px","ocean_menu_typo_font_weight":"","ocean_menu_typo_font_weight_tablet":"","ocean_menu_typo_font_weight_mobile":"","ocean_menu_typo_transform":"","ocean_menu_typo_transform_tablet":"","ocean_menu_typo_transform_mobile":"","ocean_menu_typo_line_height":0,"ocean_menu_typo_line_height_tablet":0,"ocean_menu_typo_line_height_mobile":0,"ocean_menu_typo_line_height_unit":"","ocean_menu_typo_spacing":0,"ocean_menu_typo_spacing_tablet":0,"ocean_menu_typo_spacing_mobile":0,"ocean_menu_typo_spacing_unit":"","ocean_menu_link_color":"","ocean_menu_link_color_hover":"","ocean_menu_link_color_active":"","ocean_menu_link_background":"","ocean_menu_link_hover_background":"","ocean_menu_link_active_background":"","ocean_menu_social_links_bg":"","ocean_menu_social_hover_links_bg":"","ocean_menu_social_links_color":"","ocean_menu_social_hover_links_color":"","ocean_disable_title":"on","ocean_disable_heading":"default","ocean_post_title":"","ocean_post_subheading":"","ocean_post_title_style":"","ocean_post_title_background_color":"","ocean_post_title_background":0,"ocean_post_title_bg_image_position":"","ocean_post_title_bg_image_attachment":"","ocean_post_title_bg_image_repeat":"","ocean_post_title_bg_image_size":"","ocean_post_title_height":0,"ocean_post_title_bg_overlay":0.5,"ocean_post_title_bg_overlay_color":"","ocean_disable_breadcrumbs":"default","ocean_breadcrumbs_color":"","ocean_breadcrumbs_separator_color":"","ocean_breadcrumbs_links_color":"","ocean_breadcrumbs_links_hover_color":"","ocean_display_footer_widgets":"off","ocean_display_footer_bottom":"off","ocean_custom_footer_template":"0","footnotes":""},"class_list":["post-18","page","type-page","status-publish","hentry","entry"],"_links":{"self":[{"href":"https:\/\/www.julia-gutkina.de\/en\/wp-json\/wp\/v2\/pages\/18","targetHints":{"allow":["GET"]}}],"collection":[{"href":"https:\/\/www.julia-gutkina.de\/en\/wp-json\/wp\/v2\/pages"}],"about":[{"href":"https:\/\/www.julia-gutkina.de\/en\/wp-json\/wp\/v2\/types\/page"}],"author":[{"embeddable":true,"href":"https:\/\/www.julia-gutkina.de\/en\/wp-json\/wp\/v2\/users\/1"}],"replies":[{"embeddable":true,"href":"https:\/\/www.julia-gutkina.de\/en\/wp-json\/wp\/v2\/comments?post=18"}],"version-history":[{"count":96,"href":"https:\/\/www.julia-gutkina.de\/en\/wp-json\/wp\/v2\/pages\/18\/revisions"}],"predecessor-version":[{"id":2152,"href":"https:\/\/www.julia-gutkina.de\/en\/wp-json\/wp\/v2\/pages\/18\/revisions\/2152"}],"wp:attachment":[{"href":"https:\/\/www.julia-gutkina.de\/en\/wp-json\/wp\/v2\/media?parent=18"}],"curies":[{"name":"wp","href":"https:\/\/api.w.org\/{rel}","templated":true}]}}