{"id":1731,"date":"2023-11-02T13:17:11","date_gmt":"2023-11-02T12:17:11","guid":{"rendered":"https:\/\/www.julia-gutkina.de\/?page_id=1731"},"modified":"2025-02-02T22:40:57","modified_gmt":"2025-02-02T21:40:57","slug":"alb-2","status":"publish","type":"page","link":"https:\/\/www.julia-gutkina.de\/en\/alb-2\/","title":{"rendered":"Alb 2"},"content":{"rendered":"<div data-elementor-type=\"wp-page\" data-elementor-id=\"1731\" class=\"elementor elementor-1731\">\n\t\t\t\t\t\t<section class=\"elementor-section elementor-top-section elementor-element elementor-element-67b7424 elementor-section-height-full elementor-section-boxed elementor-section-height-default elementor-section-items-middle\" data-id=\"67b7424\" data-element_type=\"section\" data-e-type=\"section\">\n\t\t\t\t\t\t<div class=\"elementor-container elementor-column-gap-default\">\n\t\t\t\t\t<div class=\"elementor-column elementor-col-100 elementor-top-column elementor-element elementor-element-6d03ac9\" data-id=\"6d03ac9\" data-element_type=\"column\" data-e-type=\"column\">\n\t\t\t<div class=\"elementor-widget-wrap elementor-element-populated\">\n\t\t\t\t\t\t<div class=\"elementor-element elementor-element-5406591 elementor-widget elementor-widget-spacer\" data-id=\"5406591\" data-element_type=\"widget\" data-e-type=\"widget\" data-widget_type=\"spacer.default\">\n\t\t\t\t<div class=\"elementor-widget-container\">\n\t\t\t\t\t\t\t<div class=\"elementor-spacer\">\n\t\t\t<div class=\"elementor-spacer-inner\"><\/div>\n\t\t<\/div>\n\t\t\t\t\t\t<\/div>\n\t\t\t\t<\/div>\n\t\t\t\t<div class=\"elementor-element elementor-element-ab461cf gallery-spacing-custom elementor-widget elementor-widget-image-gallery\" data-id=\"ab461cf\" data-element_type=\"widget\" data-e-type=\"widget\" data-widget_type=\"image-gallery.default\">\n\t\t\t\t<div class=\"elementor-widget-container\">\n\t\t\t\t\t\t\t<div class=\"elementor-image-gallery\">\n\t\t\t<div id='gallery-1' class='gallery galleryid-1731 gallery-columns-3 gallery-size-thumbnail'><figure class='gallery-item'>\n\t\t\t<div class='gallery-icon landscape'>\n\t\t\t\t<a data-elementor-open-lightbox=\"yes\" data-elementor-lightbox-slideshow=\"ab461cf\" data-elementor-lightbox-title=\"ohne titel (alb 7)\" data-elementor-lightbox-description=\"2021 \u00b7 Tusche\/Gouache\/Kreide auf Papier \u00b7 40 x 40 cm\" data-e-action-hash=\"#elementor-action%3Aaction%3Dlightbox%26settings%3DeyJpZCI6MTcyNiwidXJsIjoiaHR0cHM6XC9cL3d3dy5qdWxpYS1ndXRraW5hLmRlXC93cC1jb250ZW50XC91cGxvYWRzXC8yMDIzXC8xMVwvUDEwNDI4ODNfby4tdGl0ZWwtYWxiNy0yMDIxLVR1c2NoZUdvdWFjaGVLcmVpZGUtYXVmLVBhcGllci00MC14LTQwLWNtLmpwZyIsInNsaWRlc2hvdyI6ImFiNDYxY2YifQ%3D%3D\" href='https:\/\/www.julia-gutkina.de\/wp-content\/uploads\/2023\/11\/P1042883_o.-titel-alb7-2021-TuscheGouacheKreide-auf-Papier-40-x-40-cm.jpg'><img decoding=\"async\" width=\"150\" height=\"150\" src=\"https:\/\/www.julia-gutkina.de\/wp-content\/uploads\/2023\/11\/P1042883_o.-titel-alb7-2021-TuscheGouacheKreide-auf-Papier-40-x-40-cm-150x150.jpg\" class=\"attachment-thumbnail size-thumbnail\" alt=\"\" aria-describedby=\"gallery-1-1726\" srcset=\"https:\/\/www.julia-gutkina.de\/wp-content\/uploads\/2023\/11\/P1042883_o.-titel-alb7-2021-TuscheGouacheKreide-auf-Papier-40-x-40-cm-150x150.jpg 150w, https:\/\/www.julia-gutkina.de\/wp-content\/uploads\/2023\/11\/P1042883_o.-titel-alb7-2021-TuscheGouacheKreide-auf-Papier-40-x-40-cm-300x297.jpg 300w, https:\/\/www.julia-gutkina.de\/wp-content\/uploads\/2023\/11\/P1042883_o.-titel-alb7-2021-TuscheGouacheKreide-auf-Papier-40-x-40-cm-12x12.jpg 12w\" sizes=\"(max-width: 150px) 100vw, 150px\" \/><\/a>\n\t\t\t<\/div>\n\t\t\t\t<figcaption class='wp-caption-text gallery-caption' id='gallery-1-1726'>\n\t\t\t\t2021 \u00b7 Tusche\/Gouache\/Kreide auf Papier \u00b7 40 x 40 cm\n\t\t\t\t<\/figcaption><\/figure><figure class='gallery-item'>\n\t\t\t<div class='gallery-icon landscape'>\n\t\t\t\t<a data-elementor-open-lightbox=\"yes\" data-elementor-lightbox-slideshow=\"ab461cf\" data-elementor-lightbox-title=\"ohne titel (alb 8)\" data-elementor-lightbox-description=\"2021 \u00b7 Tusche\/Gouache\/Kreide auf Papier \u00b7 40 x 40 cm\" data-e-action-hash=\"#elementor-action%3Aaction%3Dlightbox%26settings%3DeyJpZCI6MTcyMSwidXJsIjoiaHR0cHM6XC9cL3d3dy5qdWxpYS1ndXRraW5hLmRlXC93cC1jb250ZW50XC91cGxvYWRzXC8yMDIzXC8xMVwvUDEwNDI4Nzhfb1RfYWxiOC5qcGdfMjAyMV9UdXNjaGVHb3VhY2hlS3JlaWRlX2F1Zl9QYXBpZXJfNDB4NDBjbS5qcGciLCJzbGlkZXNob3ciOiJhYjQ2MWNmIn0%3D\" href='https:\/\/www.julia-gutkina.de\/wp-content\/uploads\/2023\/11\/P1042878_oT_alb8.jpg_2021_TuscheGouacheKreide_auf_Papier_40x40cm.jpg'><img decoding=\"async\" width=\"150\" height=\"150\" src=\"https:\/\/www.julia-gutkina.de\/wp-content\/uploads\/2023\/11\/P1042878_oT_alb8.jpg_2021_TuscheGouacheKreide_auf_Papier_40x40cm-150x150.jpg\" class=\"attachment-thumbnail size-thumbnail\" alt=\"\" aria-describedby=\"gallery-1-1721\" srcset=\"https:\/\/www.julia-gutkina.de\/wp-content\/uploads\/2023\/11\/P1042878_oT_alb8.jpg_2021_TuscheGouacheKreide_auf_Papier_40x40cm-150x150.jpg 150w, https:\/\/www.julia-gutkina.de\/wp-content\/uploads\/2023\/11\/P1042878_oT_alb8.jpg_2021_TuscheGouacheKreide_auf_Papier_40x40cm-13x12.jpg 13w\" sizes=\"(max-width: 150px) 100vw, 150px\" \/><\/a>\n\t\t\t<\/div>\n\t\t\t\t<figcaption class='wp-caption-text gallery-caption' id='gallery-1-1721'>\n\t\t\t\t2021 \u00b7 Tusche\/Gouache\/Kreide auf Papier \u00b7 40 x 40 cm\n\t\t\t\t<\/figcaption><\/figure><figure class='gallery-item'>\n\t\t\t<div class='gallery-icon landscape'>\n\t\t\t\t<a data-elementor-open-lightbox=\"yes\" data-elementor-lightbox-slideshow=\"ab461cf\" data-elementor-lightbox-title=\"ohne titel (alb 9)\" data-elementor-lightbox-description=\"2021 \u00b7 Tusche\/Gouache\/Kreide auf Papier 40 x 40 cm\" data-e-action-hash=\"#elementor-action%3Aaction%3Dlightbox%26settings%3DeyJpZCI6MTcyNSwidXJsIjoiaHR0cHM6XC9cL3d3dy5qdWxpYS1ndXRraW5hLmRlXC93cC1jb250ZW50XC91cGxvYWRzXC8yMDIzXC8xMVwvUDEwNDI4ODJfb1RfYWxiOV8yMDIxX1R1c2NoZUdvdWFjaGVLcmVpZGVfYXVmX1BhcGllcl80MHg0MGNtLmpwZyIsInNsaWRlc2hvdyI6ImFiNDYxY2YifQ%3D%3D\" href='https:\/\/www.julia-gutkina.de\/wp-content\/uploads\/2023\/11\/P1042882_oT_alb9_2021_TuscheGouacheKreide_auf_Papier_40x40cm.jpg'><img decoding=\"async\" width=\"150\" height=\"150\" src=\"https:\/\/www.julia-gutkina.de\/wp-content\/uploads\/2023\/11\/P1042882_oT_alb9_2021_TuscheGouacheKreide_auf_Papier_40x40cm-150x150.jpg\" class=\"attachment-thumbnail size-thumbnail\" alt=\"\" aria-describedby=\"gallery-1-1725\" srcset=\"https:\/\/www.julia-gutkina.de\/wp-content\/uploads\/2023\/11\/P1042882_oT_alb9_2021_TuscheGouacheKreide_auf_Papier_40x40cm-150x150.jpg 150w, https:\/\/www.julia-gutkina.de\/wp-content\/uploads\/2023\/11\/P1042882_oT_alb9_2021_TuscheGouacheKreide_auf_Papier_40x40cm-300x297.jpg 300w, https:\/\/www.julia-gutkina.de\/wp-content\/uploads\/2023\/11\/P1042882_oT_alb9_2021_TuscheGouacheKreide_auf_Papier_40x40cm-1024x1014.jpg 1024w, https:\/\/www.julia-gutkina.de\/wp-content\/uploads\/2023\/11\/P1042882_oT_alb9_2021_TuscheGouacheKreide_auf_Papier_40x40cm-12x12.jpg 12w, https:\/\/www.julia-gutkina.de\/wp-content\/uploads\/2023\/11\/P1042882_oT_alb9_2021_TuscheGouacheKreide_auf_Papier_40x40cm.jpg 1200w\" sizes=\"(max-width: 150px) 100vw, 150px\" \/><\/a>\n\t\t\t<\/div>\n\t\t\t\t<figcaption class='wp-caption-text gallery-caption' id='gallery-1-1725'>\n\t\t\t\t2021 \u00b7 Tusche\/Gouache\/Kreide auf Papier 40 x 40 cm\n\t\t\t\t<\/figcaption><\/figure><figure class='gallery-item'>\n\t\t\t<div class='gallery-icon landscape'>\n\t\t\t\t<a data-elementor-open-lightbox=\"yes\" data-elementor-lightbox-slideshow=\"ab461cf\" data-elementor-lightbox-title=\"ohne titel (alb 10)\" data-elementor-lightbox-description=\"2021 \u00b7 Gouache\/Kreide auf Papier \u00b7 21 x 29,7 cm\" data-e-action-hash=\"#elementor-action%3Aaction%3Dlightbox%26settings%3DeyJpZCI6MTcyNywidXJsIjoiaHR0cHM6XC9cL3d3dy5qdWxpYS1ndXRraW5hLmRlXC93cC1jb250ZW50XC91cGxvYWRzXC8yMDIzXC8xMVwvUDEwNDI4OTVfb1RfYWxiMTBfMjAyMV9Hb3VhY2hlS3JlaWRlX2F1Zl9QYXBpZXJfMjEteDI5N2NtLmpwZyIsInNsaWRlc2hvdyI6ImFiNDYxY2YifQ%3D%3D\" href='https:\/\/www.julia-gutkina.de\/wp-content\/uploads\/2023\/11\/P1042895_oT_alb10_2021_GouacheKreide_auf_Papier_21-x297cm.jpg'><img loading=\"lazy\" decoding=\"async\" width=\"150\" height=\"150\" src=\"https:\/\/www.julia-gutkina.de\/wp-content\/uploads\/2023\/11\/P1042895_oT_alb10_2021_GouacheKreide_auf_Papier_21-x297cm-150x150.jpg\" class=\"attachment-thumbnail size-thumbnail\" alt=\"\" aria-describedby=\"gallery-1-1727\" \/><\/a>\n\t\t\t<\/div>\n\t\t\t\t<figcaption class='wp-caption-text gallery-caption' id='gallery-1-1727'>\n\t\t\t\t2021 \u00b7 Gouache\/Kreide auf Papier \u00b7 21 x 29,7 cm\n\t\t\t\t<\/figcaption><\/figure>\n\t\t<\/div>\n\t\t<\/div>\n\t\t\t\t\t\t<\/div>\n\t\t\t\t<\/div>\n\t\t\t\t<section class=\"elementor-section elementor-inner-section elementor-element elementor-element-285b637 elementor-section-boxed elementor-section-height-default elementor-section-height-default\" data-id=\"285b637\" data-element_type=\"section\" data-e-type=\"section\">\n\t\t\t\t\t\t<div class=\"elementor-container elementor-column-gap-default\">\n\t\t\t\t\t<div class=\"elementor-column elementor-col-50 elementor-inner-column elementor-element elementor-element-15b9d76\" data-id=\"15b9d76\" data-element_type=\"column\" data-e-type=\"column\">\n\t\t\t<div class=\"elementor-widget-wrap elementor-element-populated\">\n\t\t\t\t\t\t<div class=\"elementor-element elementor-element-3af0016 elementor-widget elementor-widget-text-editor\" data-id=\"3af0016\" data-element_type=\"widget\" data-e-type=\"widget\" data-widget_type=\"text-editor.default\">\n\t\t\t\t<div class=\"elementor-widget-container\">\n\t\t\t\t\t\t\t\t\t<p><a href=\"https:\/\/www.julia-gutkina.de\/en\/alb\/\">back<\/a><\/p>\t\t\t\t\t\t\t\t<\/div>\n\t\t\t\t<\/div>\n\t\t\t\t\t<\/div>\n\t\t<\/div>\n\t\t\t\t<div class=\"elementor-column elementor-col-50 elementor-inner-column elementor-element elementor-element-8c516ba\" data-id=\"8c516ba\" data-element_type=\"column\" data-e-type=\"column\">\n\t\t\t<div class=\"elementor-widget-wrap elementor-element-populated\">\n\t\t\t\t\t\t<div class=\"elementor-element elementor-element-3362549 elementor-widget elementor-widget-text-editor\" data-id=\"3362549\" data-element_type=\"widget\" data-e-type=\"widget\" data-widget_type=\"text-editor.default\">\n\t\t\t\t<div class=\"elementor-widget-container\">\n\t\t\t\t\t\t\t\t\t<p style=\"text-align: right;\"><a href=\"https:\/\/www.julia-gutkina.de\/en\/alb\/\">return to beginning<\/a><\/p>\t\t\t\t\t\t\t\t<\/div>\n\t\t\t\t<\/div>\n\t\t\t\t\t<\/div>\n\t\t<\/div>\n\t\t\t\t\t<\/div>\n\t\t<\/section>\n\t\t\t\t<div class=\"elementor-element elementor-element-063bb2f elementor-widget elementor-widget-spacer\" data-id=\"063bb2f\" data-element_type=\"widget\" data-e-type=\"widget\" data-widget_type=\"spacer.default\">\n\t\t\t\t<div class=\"elementor-widget-container\">\n\t\t\t\t\t\t\t<div class=\"elementor-spacer\">\n\t\t\t<div class=\"elementor-spacer-inner\"><\/div>\n\t\t<\/div>\n\t\t\t\t\t\t<\/div>\n\t\t\t\t<\/div>\n\t\t\t\t\t<\/div>\n\t\t<\/div>\n\t\t\t\t\t<\/div>\n\t\t<\/section>\n\t\t\t\t<section class=\"elementor-section elementor-top-section elementor-element elementor-element-501fc85 elementor-section-height-min-height elementor-section-items-top elementor-section-boxed elementor-section-height-default\" data-id=\"501fc85\" data-element_type=\"section\" data-e-type=\"section\" data-settings=\"{&quot;background_background&quot;:&quot;classic&quot;}\">\n\t\t\t\t\t\t<div class=\"elementor-container elementor-column-gap-default\">\n\t\t\t\t\t<div class=\"elementor-column elementor-col-33 elementor-top-column elementor-element elementor-element-fc73c58\" data-id=\"fc73c58\" data-element_type=\"column\" data-e-type=\"column\">\n\t\t\t<div class=\"elementor-widget-wrap elementor-element-populated\">\n\t\t\t\t\t\t<div class=\"elementor-element elementor-element-0055053 elementor-widget elementor-widget-text-editor\" data-id=\"0055053\" data-element_type=\"widget\" data-e-type=\"widget\" data-widget_type=\"text-editor.default\">\n\t\t\t\t<div class=\"elementor-widget-container\">\n\t\t\t\t\t\t\t\t\t<p><span style=\"color: #000000;\"><a style=\"color: #000000;\" href=\"mailto:contact@julia-gutkina.de\">contact@julia-gutkina.de<\/a><\/span><\/p><p><a href=\"https:\/\/www.julia-gutkina.de\/en\/impressum\/\">Imprint<\/a><br \/><a style=\"font-size: 14px;\" href=\"https:\/\/www.julia-gutkina.de\/en\/datenschutzerklaerung\/\">Privacy Policy<\/a><\/p>\t\t\t\t\t\t\t\t<\/div>\n\t\t\t\t<\/div>\n\t\t\t\t\t<\/div>\n\t\t<\/div>\n\t\t\t\t<div class=\"elementor-column elementor-col-33 elementor-top-column elementor-element elementor-element-c7301ba\" data-id=\"c7301ba\" data-element_type=\"column\" data-e-type=\"column\">\n\t\t\t<div class=\"elementor-widget-wrap elementor-element-populated\">\n\t\t\t\t\t\t<div class=\"elementor-element elementor-element-da1f083 elementor-widget elementor-widget-text-editor\" data-id=\"da1f083\" data-element_type=\"widget\" data-e-type=\"widget\" data-widget_type=\"text-editor.default\">\n\t\t\t\t<div class=\"elementor-widget-container\">\n\t\t\t\t\t\t\t\t\t<p>Kindly supported by<br \/>BBK &#8222;Neustart Kultur&#8220;<br \/>Die Beauftragte der Bundesregierung f\u00fcr Kultur und Medien<\/p>\t\t\t\t\t\t\t\t<\/div>\n\t\t\t\t<\/div>\n\t\t\t\t\t<\/div>\n\t\t<\/div>\n\t\t\t\t<div class=\"elementor-column elementor-col-33 elementor-top-column elementor-element elementor-element-c02a441\" data-id=\"c02a441\" data-element_type=\"column\" data-e-type=\"column\">\n\t\t\t<div class=\"elementor-widget-wrap elementor-element-populated\">\n\t\t\t\t\t\t<div class=\"elementor-element elementor-element-0cb2ffe elementor-widget__width-initial elementor-widget elementor-widget-text-editor\" data-id=\"0cb2ffe\" data-element_type=\"widget\" data-e-type=\"widget\" data-widget_type=\"text-editor.default\">\n\t\t\t\t<div class=\"elementor-widget-container\">\n\t\t\t\t\t\t\t\t\t<p>Visit my studio on Instagram<\/p>\t\t\t\t\t\t\t\t<\/div>\n\t\t\t\t<\/div>\n\t\t\t\t<div class=\"elementor-element elementor-element-e03a185 elementor-widget elementor-widget-image\" data-id=\"e03a185\" data-element_type=\"widget\" data-e-type=\"widget\" data-widget_type=\"image.default\">\n\t\t\t\t<div class=\"elementor-widget-container\">\n\t\t\t\t\t\t\t\t\t\t\t\t\t\t\t\t<a href=\"https:\/\/www.instagram.com\/atelier_julia_gutkina\/\">\n\t\t\t\t\t\t\t<img loading=\"lazy\" decoding=\"async\" width=\"30\" height=\"30\" src=\"https:\/\/www.julia-gutkina.de\/wp-content\/uploads\/2025\/02\/Instagram-Icon-1.png\" class=\"attachment-thumbnail size-thumbnail wp-image-2040\" alt=\"\" srcset=\"https:\/\/www.julia-gutkina.de\/wp-content\/uploads\/2025\/02\/Instagram-Icon-1.png 30w, https:\/\/www.julia-gutkina.de\/wp-content\/uploads\/2025\/02\/Instagram-Icon-1-12x12.png 12w\" sizes=\"(max-width: 30px) 100vw, 30px\" \/>\t\t\t\t\t\t\t\t<\/a>\n\t\t\t\t\t\t\t\t\t\t\t\t\t\t\t<\/div>\n\t\t\t\t<\/div>\n\t\t\t\t\t<\/div>\n\t\t<\/div>\n\t\t\t\t\t<\/div>\n\t\t<\/section>\n\t\t\t\t<\/div>","protected":false},"excerpt":{"rendered":"<p>2021 \u00b7 Tusche\/Gouache\/Kreide auf Papier \u00b7 40 x 40 cm 2021 \u00b7 Tusche\/Gouache\/Kreide auf Papier \u00b7 40 x 40 cm 2021 \u00b7 Tusche\/Gouache\/Kreide auf Papier 40 x 40 cm 2021 \u00b7 Gouache\/Kreide auf Papier \u00b7 21 x 29,7 cm zur\u00fcck zum Anfang contact@julia-gutkina.de ImpressumDatenschutzerkl\u00e4rung Mit freundlicher Unterst\u00fctzung:BBK &#8222;Neustart Kultur&#8220;Die Beauftragte der Bundesregierung f\u00fcr Kultur und [&hellip;]<\/p>\n","protected":false},"author":1,"featured_media":0,"parent":0,"menu_order":0,"comment_status":"closed","ping_status":"closed","template":"","meta":{"ocean_post_layout":"full-screen","ocean_both_sidebars_style":"","ocean_both_sidebars_content_width":0,"ocean_both_sidebars_sidebars_width":0,"ocean_sidebar":"0","ocean_second_sidebar":"0","ocean_disable_margins":"enable","ocean_add_body_class":"","ocean_shortcode_before_top_bar":"","ocean_shortcode_after_top_bar":"","ocean_shortcode_before_header":"","ocean_shortcode_after_header":"","ocean_has_shortcode":"","ocean_shortcode_after_title":"","ocean_shortcode_before_footer_widgets":"","ocean_shortcode_after_footer_widgets":"","ocean_shortcode_before_footer_bottom":"","ocean_shortcode_after_footer_bottom":"","ocean_display_top_bar":"off","ocean_display_header":"default","ocean_header_style":"","ocean_center_header_left_menu":"0","ocean_custom_header_template":"0","ocean_custom_logo":0,"ocean_custom_retina_logo":0,"ocean_custom_logo_max_width":0,"ocean_custom_logo_tablet_max_width":0,"ocean_custom_logo_mobile_max_width":0,"ocean_custom_logo_max_height":0,"ocean_custom_logo_tablet_max_height":0,"ocean_custom_logo_mobile_max_height":0,"ocean_header_custom_menu":"0","ocean_menu_typo_font_family":"0","ocean_menu_typo_font_subset":"","ocean_menu_typo_font_size":0,"ocean_menu_typo_font_size_tablet":0,"ocean_menu_typo_font_size_mobile":0,"ocean_menu_typo_font_size_unit":"px","ocean_menu_typo_font_weight":"","ocean_menu_typo_font_weight_tablet":"","ocean_menu_typo_font_weight_mobile":"","ocean_menu_typo_transform":"","ocean_menu_typo_transform_tablet":"","ocean_menu_typo_transform_mobile":"","ocean_menu_typo_line_height":0,"ocean_menu_typo_line_height_tablet":0,"ocean_menu_typo_line_height_mobile":0,"ocean_menu_typo_line_height_unit":"","ocean_menu_typo_spacing":0,"ocean_menu_typo_spacing_tablet":0,"ocean_menu_typo_spacing_mobile":0,"ocean_menu_typo_spacing_unit":"","ocean_menu_link_color":"","ocean_menu_link_color_hover":"","ocean_menu_link_color_active":"","ocean_menu_link_background":"","ocean_menu_link_hover_background":"","ocean_menu_link_active_background":"","ocean_menu_social_links_bg":"","ocean_menu_social_hover_links_bg":"","ocean_menu_social_links_color":"","ocean_menu_social_hover_links_color":"","ocean_disable_title":"on","ocean_disable_heading":"default","ocean_post_title":"","ocean_post_subheading":"","ocean_post_title_style":"","ocean_post_title_background_color":"","ocean_post_title_background":0,"ocean_post_title_bg_image_position":"","ocean_post_title_bg_image_attachment":"","ocean_post_title_bg_image_repeat":"","ocean_post_title_bg_image_size":"","ocean_post_title_height":0,"ocean_post_title_bg_overlay":0.5,"ocean_post_title_bg_overlay_color":"","ocean_disable_breadcrumbs":"default","ocean_breadcrumbs_color":"","ocean_breadcrumbs_separator_color":"","ocean_breadcrumbs_links_color":"","ocean_breadcrumbs_links_hover_color":"","ocean_display_footer_widgets":"off","ocean_display_footer_bottom":"off","ocean_custom_footer_template":"0","footnotes":""},"class_list":["post-1731","page","type-page","status-publish","hentry","entry"],"_links":{"self":[{"href":"https:\/\/www.julia-gutkina.de\/en\/wp-json\/wp\/v2\/pages\/1731","targetHints":{"allow":["GET"]}}],"collection":[{"href":"https:\/\/www.julia-gutkina.de\/en\/wp-json\/wp\/v2\/pages"}],"about":[{"href":"https:\/\/www.julia-gutkina.de\/en\/wp-json\/wp\/v2\/types\/page"}],"author":[{"embeddable":true,"href":"https:\/\/www.julia-gutkina.de\/en\/wp-json\/wp\/v2\/users\/1"}],"replies":[{"embeddable":true,"href":"https:\/\/www.julia-gutkina.de\/en\/wp-json\/wp\/v2\/comments?post=1731"}],"version-history":[{"count":13,"href":"https:\/\/www.julia-gutkina.de\/en\/wp-json\/wp\/v2\/pages\/1731\/revisions"}],"predecessor-version":[{"id":2091,"href":"https:\/\/www.julia-gutkina.de\/en\/wp-json\/wp\/v2\/pages\/1731\/revisions\/2091"}],"wp:attachment":[{"href":"https:\/\/www.julia-gutkina.de\/en\/wp-json\/wp\/v2\/media?parent=1731"}],"curies":[{"name":"wp","href":"https:\/\/api.w.org\/{rel}","templated":true}]}}