{"id":1668,"date":"2023-11-02T11:49:43","date_gmt":"2023-11-02T10:49:43","guid":{"rendered":"https:\/\/www.julia-gutkina.de\/?page_id=1668"},"modified":"2025-02-02T22:42:43","modified_gmt":"2025-02-02T21:42:43","slug":"architektur","status":"publish","type":"page","link":"https:\/\/www.julia-gutkina.de\/en\/architektur\/","title":{"rendered":"architecture"},"content":{"rendered":"<div data-elementor-type=\"wp-page\" data-elementor-id=\"1668\" class=\"elementor elementor-1668\">\n\t\t\t\t\t\t<section class=\"elementor-section elementor-top-section elementor-element elementor-element-67b7424 elementor-section-height-full elementor-section-boxed elementor-section-height-default elementor-section-items-middle\" data-id=\"67b7424\" data-element_type=\"section\" data-e-type=\"section\">\n\t\t\t\t\t\t<div class=\"elementor-container elementor-column-gap-default\">\n\t\t\t\t\t<div class=\"elementor-column elementor-col-100 elementor-top-column elementor-element elementor-element-6d03ac9\" data-id=\"6d03ac9\" data-element_type=\"column\" data-e-type=\"column\">\n\t\t\t<div class=\"elementor-widget-wrap elementor-element-populated\">\n\t\t\t\t\t\t<div class=\"elementor-element elementor-element-5406591 elementor-widget elementor-widget-spacer\" data-id=\"5406591\" data-element_type=\"widget\" data-e-type=\"widget\" data-widget_type=\"spacer.default\">\n\t\t\t\t<div class=\"elementor-widget-container\">\n\t\t\t\t\t\t\t<div class=\"elementor-spacer\">\n\t\t\t<div class=\"elementor-spacer-inner\"><\/div>\n\t\t<\/div>\n\t\t\t\t\t\t<\/div>\n\t\t\t\t<\/div>\n\t\t\t\t<div class=\"elementor-element elementor-element-ab461cf gallery-spacing-custom elementor-widget elementor-widget-image-gallery\" data-id=\"ab461cf\" data-element_type=\"widget\" data-e-type=\"widget\" data-widget_type=\"image-gallery.default\">\n\t\t\t\t<div class=\"elementor-widget-container\">\n\t\t\t\t\t\t\t<div class=\"elementor-image-gallery\">\n\t\t\t<div id='gallery-1' class='gallery galleryid-1668 gallery-columns-3 gallery-size-thumbnail'><figure class='gallery-item'>\n\t\t\t<div class='gallery-icon landscape'>\n\t\t\t\t<a data-elementor-open-lightbox=\"yes\" data-elementor-lightbox-slideshow=\"ab461cf\" data-elementor-lightbox-title=\"ohne titel (alte liebe)\" data-elementor-lightbox-description=\"2023 \u00b7 Tusche auf Papier \u00b7 24 x 30 cm\" data-e-action-hash=\"#elementor-action%3Aaction%3Dlightbox%26settings%3DeyJpZCI6MTY3MCwidXJsIjoiaHR0cHM6XC9cL3d3dy5qdWxpYS1ndXRraW5hLmRlXC93cC1jb250ZW50XC91cGxvYWRzXC8yMDIzXC8xMVwvUDEwNDI3OTRfby4tdGl0ZWwtYWx0ZS1saWViZS0yMDIzLVR1c2NoZS1hdWYtUGFwaWVyLTI0LXgtMzAtY20uanBnIiwic2xpZGVzaG93IjoiYWI0NjFjZiJ9\" href='https:\/\/www.julia-gutkina.de\/wp-content\/uploads\/2023\/11\/P1042794_o.-titel-alte-liebe-2023-Tusche-auf-Papier-24-x-30-cm.jpg'><img decoding=\"async\" width=\"150\" height=\"150\" src=\"https:\/\/www.julia-gutkina.de\/wp-content\/uploads\/2023\/11\/P1042794_o.-titel-alte-liebe-2023-Tusche-auf-Papier-24-x-30-cm-150x150.jpg\" class=\"attachment-thumbnail size-thumbnail\" alt=\"\" aria-describedby=\"gallery-1-1670\" \/><\/a>\n\t\t\t<\/div>\n\t\t\t\t<figcaption class='wp-caption-text gallery-caption' id='gallery-1-1670'>\n\t\t\t\t2023 \u00b7 ink on paper \u00b7 24 x 30 cm\n\t\t\t\t<\/figcaption><\/figure><figure class='gallery-item'>\n\t\t\t<div class='gallery-icon landscape'>\n\t\t\t\t<a data-elementor-open-lightbox=\"yes\" data-elementor-lightbox-slideshow=\"ab461cf\" data-elementor-lightbox-title=\"ohne titel (aalto 1)\" data-elementor-lightbox-description=\"2022 \u00b7 Tusche\/Kreide auf Papier \u00b7 39,8 x 40 cm\" data-e-action-hash=\"#elementor-action%3Aaction%3Dlightbox%26settings%3DeyJpZCI6MTY3MSwidXJsIjoiaHR0cHM6XC9cL3d3dy5qdWxpYS1ndXRraW5hLmRlXC93cC1jb250ZW50XC91cGxvYWRzXC8yMDIzXC8xMVwvUDEwNDI4NzNfb190aXRlbF9hYWx0bzFfMjAyMl9UdXNjaGVLcmVpZGVfYXVmX1BhcGllcl80MHg0MGNtLmpwZyIsInNsaWRlc2hvdyI6ImFiNDYxY2YifQ%3D%3D\" href='https:\/\/www.julia-gutkina.de\/wp-content\/uploads\/2023\/11\/P1042873_o_titel_aalto1_2022_TuscheKreide_auf_Papier_40x40cm.jpg'><img decoding=\"async\" width=\"150\" height=\"150\" src=\"https:\/\/www.julia-gutkina.de\/wp-content\/uploads\/2023\/11\/P1042873_o_titel_aalto1_2022_TuscheKreide_auf_Papier_40x40cm-150x150.jpg\" class=\"attachment-thumbnail size-thumbnail\" alt=\"\" aria-describedby=\"gallery-1-1671\" srcset=\"https:\/\/www.julia-gutkina.de\/wp-content\/uploads\/2023\/11\/P1042873_o_titel_aalto1_2022_TuscheKreide_auf_Papier_40x40cm-150x150.jpg 150w, https:\/\/www.julia-gutkina.de\/wp-content\/uploads\/2023\/11\/P1042873_o_titel_aalto1_2022_TuscheKreide_auf_Papier_40x40cm-12x12.jpg 12w\" sizes=\"(max-width: 150px) 100vw, 150px\" \/><\/a>\n\t\t\t<\/div>\n\t\t\t\t<figcaption class='wp-caption-text gallery-caption' id='gallery-1-1671'>\n\t\t\t\t2022 \u00b7 Tusche\/Kreide auf Papier \u00b7 39,8 x 40 cm\n\t\t\t\t<\/figcaption><\/figure><figure class='gallery-item'>\n\t\t\t<div class='gallery-icon landscape'>\n\t\t\t\t<a data-elementor-open-lightbox=\"yes\" data-elementor-lightbox-slideshow=\"ab461cf\" data-elementor-lightbox-title=\"ohne titel (aalto 2)\" data-elementor-lightbox-description=\"2022 \u00b7 Tusche\/Kreide auf Papier \u00b7 40 x 40,5 cm\" data-e-action-hash=\"#elementor-action%3Aaction%3Dlightbox%26settings%3DeyJpZCI6MTY3MiwidXJsIjoiaHR0cHM6XC9cL3d3dy5qdWxpYS1ndXRraW5hLmRlXC93cC1jb250ZW50XC91cGxvYWRzXC8yMDIzXC8xMVwvUDEwNDI4NzRfby4tdGl0ZWwtYWFsdG8yXzIwMjJfVHVzY2hlS3JlaWRlX2F1Zl9QYXBpZXJfNDB4NDBjbS5qcGciLCJzbGlkZXNob3ciOiJhYjQ2MWNmIn0%3D\" href='https:\/\/www.julia-gutkina.de\/wp-content\/uploads\/2023\/11\/P1042874_o.-titel-aalto2_2022_TuscheKreide_auf_Papier_40x40cm.jpg'><img decoding=\"async\" width=\"150\" height=\"150\" src=\"https:\/\/www.julia-gutkina.de\/wp-content\/uploads\/2023\/11\/P1042874_o.-titel-aalto2_2022_TuscheKreide_auf_Papier_40x40cm-150x150.jpg\" class=\"attachment-thumbnail size-thumbnail\" alt=\"\" aria-describedby=\"gallery-1-1672\" srcset=\"https:\/\/www.julia-gutkina.de\/wp-content\/uploads\/2023\/11\/P1042874_o.-titel-aalto2_2022_TuscheKreide_auf_Papier_40x40cm-150x150.jpg 150w, https:\/\/www.julia-gutkina.de\/wp-content\/uploads\/2023\/11\/P1042874_o.-titel-aalto2_2022_TuscheKreide_auf_Papier_40x40cm-12x12.jpg 12w\" sizes=\"(max-width: 150px) 100vw, 150px\" \/><\/a>\n\t\t\t<\/div>\n\t\t\t\t<figcaption class='wp-caption-text gallery-caption' id='gallery-1-1672'>\n\t\t\t\t2022 \u00b7 Tusche\/Kreide auf Papier \u00b7 40 x 40,5 cm\n\t\t\t\t<\/figcaption><\/figure>\n\t\t<\/div>\n\t\t<\/div>\n\t\t\t\t\t\t<\/div>\n\t\t\t\t<\/div>\n\t\t\t\t<section class=\"elementor-section elementor-inner-section elementor-element elementor-element-285b637 elementor-section-boxed elementor-section-height-default elementor-section-height-default\" data-id=\"285b637\" data-element_type=\"section\" data-e-type=\"section\">\n\t\t\t\t\t\t<div class=\"elementor-container elementor-column-gap-default\">\n\t\t\t\t\t<div class=\"elementor-column elementor-col-50 elementor-inner-column elementor-element elementor-element-15b9d76\" data-id=\"15b9d76\" data-element_type=\"column\" data-e-type=\"column\">\n\t\t\t<div class=\"elementor-widget-wrap elementor-element-populated\">\n\t\t\t\t\t\t\t<\/div>\n\t\t<\/div>\n\t\t\t\t<div class=\"elementor-column elementor-col-50 elementor-inner-column elementor-element elementor-element-8c516ba\" data-id=\"8c516ba\" data-element_type=\"column\" data-e-type=\"column\">\n\t\t\t<div class=\"elementor-widget-wrap elementor-element-populated\">\n\t\t\t\t\t\t\t<\/div>\n\t\t<\/div>\n\t\t\t\t\t<\/div>\n\t\t<\/section>\n\t\t\t\t<div class=\"elementor-element elementor-element-063bb2f elementor-widget elementor-widget-spacer\" data-id=\"063bb2f\" data-element_type=\"widget\" data-e-type=\"widget\" data-widget_type=\"spacer.default\">\n\t\t\t\t<div class=\"elementor-widget-container\">\n\t\t\t\t\t\t\t<div class=\"elementor-spacer\">\n\t\t\t<div class=\"elementor-spacer-inner\"><\/div>\n\t\t<\/div>\n\t\t\t\t\t\t<\/div>\n\t\t\t\t<\/div>\n\t\t\t\t\t<\/div>\n\t\t<\/div>\n\t\t\t\t\t<\/div>\n\t\t<\/section>\n\t\t\t\t<section class=\"elementor-section elementor-top-section elementor-element elementor-element-582589d elementor-section-height-min-height elementor-section-items-top elementor-section-boxed elementor-section-height-default\" data-id=\"582589d\" data-element_type=\"section\" data-e-type=\"section\" data-settings=\"{&quot;background_background&quot;:&quot;classic&quot;}\">\n\t\t\t\t\t\t<div class=\"elementor-container elementor-column-gap-default\">\n\t\t\t\t\t<div class=\"elementor-column elementor-col-33 elementor-top-column elementor-element elementor-element-f19135a\" data-id=\"f19135a\" data-element_type=\"column\" data-e-type=\"column\">\n\t\t\t<div class=\"elementor-widget-wrap elementor-element-populated\">\n\t\t\t\t\t\t<div class=\"elementor-element elementor-element-a68336d elementor-widget elementor-widget-text-editor\" data-id=\"a68336d\" data-element_type=\"widget\" data-e-type=\"widget\" data-widget_type=\"text-editor.default\">\n\t\t\t\t<div class=\"elementor-widget-container\">\n\t\t\t\t\t\t\t\t\t<p><span style=\"color: #000000;\"><a style=\"color: #000000;\" href=\"mailto:contact@julia-gutkina.de\">contact@julia-gutkina.de<\/a><\/span><\/p><p><a href=\"https:\/\/www.julia-gutkina.de\/en\/impressum\/\">Imprint<\/a><br \/><a style=\"font-size: 14px;\" href=\"https:\/\/www.julia-gutkina.de\/en\/datenschutzerklaerung\/\">Privacy Policy<\/a><\/p>\t\t\t\t\t\t\t\t<\/div>\n\t\t\t\t<\/div>\n\t\t\t\t\t<\/div>\n\t\t<\/div>\n\t\t\t\t<div class=\"elementor-column elementor-col-33 elementor-top-column elementor-element elementor-element-8d702e1\" data-id=\"8d702e1\" data-element_type=\"column\" data-e-type=\"column\">\n\t\t\t<div class=\"elementor-widget-wrap elementor-element-populated\">\n\t\t\t\t\t\t<div class=\"elementor-element elementor-element-92f75cb elementor-widget elementor-widget-text-editor\" data-id=\"92f75cb\" data-element_type=\"widget\" data-e-type=\"widget\" data-widget_type=\"text-editor.default\">\n\t\t\t\t<div class=\"elementor-widget-container\">\n\t\t\t\t\t\t\t\t\t<p>Kindly supported by<br \/>BBK &#8222;Neustart Kultur&#8220;<br \/>Die Beauftragte der Bundesregierung f\u00fcr Kultur und Medien<\/p>\t\t\t\t\t\t\t\t<\/div>\n\t\t\t\t<\/div>\n\t\t\t\t\t<\/div>\n\t\t<\/div>\n\t\t\t\t<div class=\"elementor-column elementor-col-33 elementor-top-column elementor-element elementor-element-fd3275b\" data-id=\"fd3275b\" data-element_type=\"column\" data-e-type=\"column\">\n\t\t\t<div class=\"elementor-widget-wrap elementor-element-populated\">\n\t\t\t\t\t\t<div class=\"elementor-element elementor-element-c4be4ed elementor-widget__width-initial elementor-widget elementor-widget-text-editor\" data-id=\"c4be4ed\" data-element_type=\"widget\" data-e-type=\"widget\" data-widget_type=\"text-editor.default\">\n\t\t\t\t<div class=\"elementor-widget-container\">\n\t\t\t\t\t\t\t\t\t<p>Visit my studio on Instagram<\/p>\t\t\t\t\t\t\t\t<\/div>\n\t\t\t\t<\/div>\n\t\t\t\t<div class=\"elementor-element elementor-element-f3dcbd8 elementor-widget elementor-widget-image\" data-id=\"f3dcbd8\" data-element_type=\"widget\" data-e-type=\"widget\" data-widget_type=\"image.default\">\n\t\t\t\t<div class=\"elementor-widget-container\">\n\t\t\t\t\t\t\t\t\t\t\t\t\t\t\t\t<a href=\"https:\/\/www.instagram.com\/atelier_julia_gutkina\/\">\n\t\t\t\t\t\t\t<img loading=\"lazy\" decoding=\"async\" width=\"30\" height=\"30\" src=\"https:\/\/www.julia-gutkina.de\/wp-content\/uploads\/2025\/02\/Instagram-Icon-1.png\" class=\"attachment-thumbnail size-thumbnail wp-image-2040\" alt=\"\" srcset=\"https:\/\/www.julia-gutkina.de\/wp-content\/uploads\/2025\/02\/Instagram-Icon-1.png 30w, https:\/\/www.julia-gutkina.de\/wp-content\/uploads\/2025\/02\/Instagram-Icon-1-12x12.png 12w\" sizes=\"(max-width: 30px) 100vw, 30px\" \/>\t\t\t\t\t\t\t\t<\/a>\n\t\t\t\t\t\t\t\t\t\t\t\t\t\t\t<\/div>\n\t\t\t\t<\/div>\n\t\t\t\t\t<\/div>\n\t\t<\/div>\n\t\t\t\t\t<\/div>\n\t\t<\/section>\n\t\t\t\t<\/div>","protected":false},"excerpt":{"rendered":"<p>2023 \u00b7 Tusche auf Papier \u00b7 24 x 30 cm 2022 \u00b7 Tusche\/Kreide auf Papier \u00b7 39,8 x 40 cm 2022 \u00b7 Tusche\/Kreide auf Papier \u00b7 40 x 40,5 cm contact@julia-gutkina.de ImpressumDatenschutzerkl\u00e4rung Mit freundlicher Unterst\u00fctzung:BBK &#8222;Neustart Kultur&#8220;Die Beauftragte der Bundesregierung f\u00fcr Kultur und Medien Besuchen Sie mein Atelier auf Instagram<\/p>","protected":false},"author":1,"featured_media":0,"parent":0,"menu_order":0,"comment_status":"closed","ping_status":"closed","template":"","meta":{"ocean_post_layout":"full-screen","ocean_both_sidebars_style":"","ocean_both_sidebars_content_width":0,"ocean_both_sidebars_sidebars_width":0,"ocean_sidebar":"0","ocean_second_sidebar":"0","ocean_disable_margins":"enable","ocean_add_body_class":"","ocean_shortcode_before_top_bar":"","ocean_shortcode_after_top_bar":"","ocean_shortcode_before_header":"","ocean_shortcode_after_header":"","ocean_has_shortcode":"","ocean_shortcode_after_title":"","ocean_shortcode_before_footer_widgets":"","ocean_shortcode_after_footer_widgets":"","ocean_shortcode_before_footer_bottom":"","ocean_shortcode_after_footer_bottom":"","ocean_display_top_bar":"off","ocean_display_header":"default","ocean_header_style":"","ocean_center_header_left_menu":"0","ocean_custom_header_template":"0","ocean_custom_logo":0,"ocean_custom_retina_logo":0,"ocean_custom_logo_max_width":0,"ocean_custom_logo_tablet_max_width":0,"ocean_custom_logo_mobile_max_width":0,"ocean_custom_logo_max_height":0,"ocean_custom_logo_tablet_max_height":0,"ocean_custom_logo_mobile_max_height":0,"ocean_header_custom_menu":"0","ocean_menu_typo_font_family":"0","ocean_menu_typo_font_subset":"","ocean_menu_typo_font_size":0,"ocean_menu_typo_font_size_tablet":0,"ocean_menu_typo_font_size_mobile":0,"ocean_menu_typo_font_size_unit":"px","ocean_menu_typo_font_weight":"","ocean_menu_typo_font_weight_tablet":"","ocean_menu_typo_font_weight_mobile":"","ocean_menu_typo_transform":"","ocean_menu_typo_transform_tablet":"","ocean_menu_typo_transform_mobile":"","ocean_menu_typo_line_height":0,"ocean_menu_typo_line_height_tablet":0,"ocean_menu_typo_line_height_mobile":0,"ocean_menu_typo_line_height_unit":"","ocean_menu_typo_spacing":0,"ocean_menu_typo_spacing_tablet":0,"ocean_menu_typo_spacing_mobile":0,"ocean_menu_typo_spacing_unit":"","ocean_menu_link_color":"","ocean_menu_link_color_hover":"","ocean_menu_link_color_active":"","ocean_menu_link_background":"","ocean_menu_link_hover_background":"","ocean_menu_link_active_background":"","ocean_menu_social_links_bg":"","ocean_menu_social_hover_links_bg":"","ocean_menu_social_links_color":"","ocean_menu_social_hover_links_color":"","ocean_disable_title":"on","ocean_disable_heading":"default","ocean_post_title":"","ocean_post_subheading":"","ocean_post_title_style":"","ocean_post_title_background_color":"","ocean_post_title_background":0,"ocean_post_title_bg_image_position":"","ocean_post_title_bg_image_attachment":"","ocean_post_title_bg_image_repeat":"","ocean_post_title_bg_image_size":"","ocean_post_title_height":0,"ocean_post_title_bg_overlay":0.5,"ocean_post_title_bg_overlay_color":"","ocean_disable_breadcrumbs":"default","ocean_breadcrumbs_color":"","ocean_breadcrumbs_separator_color":"","ocean_breadcrumbs_links_color":"","ocean_breadcrumbs_links_hover_color":"","ocean_display_footer_widgets":"off","ocean_display_footer_bottom":"off","ocean_custom_footer_template":"0","footnotes":""},"class_list":["post-1668","page","type-page","status-publish","hentry","entry"],"_links":{"self":[{"href":"https:\/\/www.julia-gutkina.de\/en\/wp-json\/wp\/v2\/pages\/1668","targetHints":{"allow":["GET"]}}],"collection":[{"href":"https:\/\/www.julia-gutkina.de\/en\/wp-json\/wp\/v2\/pages"}],"about":[{"href":"https:\/\/www.julia-gutkina.de\/en\/wp-json\/wp\/v2\/types\/page"}],"author":[{"embeddable":true,"href":"https:\/\/www.julia-gutkina.de\/en\/wp-json\/wp\/v2\/users\/1"}],"replies":[{"embeddable":true,"href":"https:\/\/www.julia-gutkina.de\/en\/wp-json\/wp\/v2\/comments?post=1668"}],"version-history":[{"count":19,"href":"https:\/\/www.julia-gutkina.de\/en\/wp-json\/wp\/v2\/pages\/1668\/revisions"}],"predecessor-version":[{"id":2094,"href":"https:\/\/www.julia-gutkina.de\/en\/wp-json\/wp\/v2\/pages\/1668\/revisions\/2094"}],"wp:attachment":[{"href":"https:\/\/www.julia-gutkina.de\/en\/wp-json\/wp\/v2\/media?parent=1668"}],"curies":[{"name":"wp","href":"https:\/\/api.w.org\/{rel}","templated":true}]}}