{"id":144,"date":"2021-03-03T22:13:34","date_gmt":"2021-03-03T21:13:34","guid":{"rendered":"https:\/\/www.julia-gutkina.de\/?page_id=144"},"modified":"2025-02-02T22:47:31","modified_gmt":"2025-02-02T21:47:31","slug":"jeanette-roessler","status":"publish","type":"page","link":"https:\/\/www.julia-gutkina.de\/en\/jeanette-roessler\/","title":{"rendered":"Jeanette R\u00f6ssler"},"content":{"rendered":"<div data-elementor-type=\"wp-page\" data-elementor-id=\"144\" class=\"elementor elementor-144\">\n\t\t\t\t\t\t<section class=\"elementor-section elementor-top-section elementor-element elementor-element-f1350fb elementor-section-boxed elementor-section-height-default elementor-section-height-default\" data-id=\"f1350fb\" data-element_type=\"section\" data-e-type=\"section\">\n\t\t\t\t\t\t<div class=\"elementor-container elementor-column-gap-default\">\n\t\t\t\t\t<div class=\"elementor-column elementor-col-100 elementor-top-column elementor-element elementor-element-c3fb15f\" data-id=\"c3fb15f\" data-element_type=\"column\" data-e-type=\"column\">\n\t\t\t<div class=\"elementor-widget-wrap elementor-element-populated\">\n\t\t\t\t\t\t<div class=\"elementor-element elementor-element-35ff56e elementor-widget elementor-widget-spacer\" data-id=\"35ff56e\" data-element_type=\"widget\" data-e-type=\"widget\" data-widget_type=\"spacer.default\">\n\t\t\t\t<div class=\"elementor-widget-container\">\n\t\t\t\t\t\t\t<div class=\"elementor-spacer\">\n\t\t\t<div class=\"elementor-spacer-inner\"><\/div>\n\t\t<\/div>\n\t\t\t\t\t\t<\/div>\n\t\t\t\t<\/div>\n\t\t\t\t<div class=\"elementor-element elementor-element-5942f10 elementor-arrows-position-inside elementor-pagination-position-outside elementor-widget elementor-widget-image-carousel\" data-id=\"5942f10\" data-element_type=\"widget\" data-e-type=\"widget\" data-settings=\"{&quot;slides_to_show&quot;:&quot;2&quot;,&quot;navigation&quot;:&quot;both&quot;,&quot;autoplay&quot;:&quot;yes&quot;,&quot;pause_on_hover&quot;:&quot;yes&quot;,&quot;pause_on_interaction&quot;:&quot;yes&quot;,&quot;autoplay_speed&quot;:5000,&quot;infinite&quot;:&quot;yes&quot;,&quot;speed&quot;:500}\" data-widget_type=\"image-carousel.default\">\n\t\t\t\t<div class=\"elementor-widget-container\">\n\t\t\t\t\t\t\t<div class=\"elementor-image-carousel-wrapper swiper\" role=\"region\" aria-roledescription=\"carousel\" aria-label=\"Image Carousel\" dir=\"ltr\">\n\t\t\t<div class=\"elementor-image-carousel swiper-wrapper\" aria-live=\"off\">\n\t\t\t\t\t\t\t\t<div class=\"swiper-slide\" role=\"group\" aria-roledescription=\"slide\" aria-label=\"1 of 7\"><figure class=\"swiper-slide-inner\"><img decoding=\"async\" class=\"swiper-slide-image\" src=\"https:\/\/www.julia-gutkina.de\/wp-content\/uploads\/2021\/03\/IMG_0068.jpg\" alt=\"IMG_0068\" \/><\/figure><\/div><div class=\"swiper-slide\" role=\"group\" aria-roledescription=\"slide\" aria-label=\"2 of 7\"><figure class=\"swiper-slide-inner\"><img decoding=\"async\" class=\"swiper-slide-image\" src=\"https:\/\/www.julia-gutkina.de\/wp-content\/uploads\/2021\/03\/IMG_0077.jpg\" alt=\"IMG_0077\" \/><\/figure><\/div><div class=\"swiper-slide\" role=\"group\" aria-roledescription=\"slide\" aria-label=\"3 of 7\"><figure class=\"swiper-slide-inner\"><img decoding=\"async\" class=\"swiper-slide-image\" src=\"https:\/\/www.julia-gutkina.de\/wp-content\/uploads\/2021\/03\/IMG_0078.jpg\" alt=\"IMG_0078\" \/><\/figure><\/div><div class=\"swiper-slide\" role=\"group\" aria-roledescription=\"slide\" aria-label=\"4 of 7\"><figure class=\"swiper-slide-inner\"><img decoding=\"async\" class=\"swiper-slide-image\" src=\"https:\/\/www.julia-gutkina.de\/wp-content\/uploads\/2021\/03\/IMG_0080.jpg\" alt=\"IMG_0080\" \/><\/figure><\/div><div class=\"swiper-slide\" role=\"group\" aria-roledescription=\"slide\" aria-label=\"5 of 7\"><figure class=\"swiper-slide-inner\"><img decoding=\"async\" class=\"swiper-slide-image\" src=\"https:\/\/www.julia-gutkina.de\/wp-content\/uploads\/2021\/03\/IMG_0074.jpg\" alt=\"IMG_0074\" \/><\/figure><\/div><div class=\"swiper-slide\" role=\"group\" aria-roledescription=\"slide\" aria-label=\"6 of 7\"><figure class=\"swiper-slide-inner\"><img decoding=\"async\" class=\"swiper-slide-image\" src=\"https:\/\/www.julia-gutkina.de\/wp-content\/uploads\/2021\/03\/IMG_0082.jpg\" alt=\"IMG_0082\" \/><\/figure><\/div><div class=\"swiper-slide\" role=\"group\" aria-roledescription=\"slide\" aria-label=\"7 of 7\"><figure class=\"swiper-slide-inner\"><img decoding=\"async\" class=\"swiper-slide-image\" src=\"https:\/\/www.julia-gutkina.de\/wp-content\/uploads\/2021\/03\/IMG_0071.jpg\" alt=\"IMG_0071\" \/><\/figure><\/div>\t\t\t<\/div>\n\t\t\t\t\t\t\t\t\t\t\t\t<div class=\"elementor-swiper-button elementor-swiper-button-prev\" role=\"button\" tabindex=\"0\">\n\t\t\t\t\t\t<i aria-hidden=\"true\" class=\"eicon-chevron-left\"><\/i>\t\t\t\t\t<\/div>\n\t\t\t\t\t<div class=\"elementor-swiper-button elementor-swiper-button-next\" role=\"button\" tabindex=\"0\">\n\t\t\t\t\t\t<i aria-hidden=\"true\" class=\"eicon-chevron-right\"><\/i>\t\t\t\t\t<\/div>\n\t\t\t\t\n\t\t\t\t\t\t\t\t\t<div class=\"swiper-pagination\"><\/div>\n\t\t\t\t\t\t\t\t\t<\/div>\n\t\t\t\t\t\t<\/div>\n\t\t\t\t<\/div>\n\t\t\t\t<div class=\"elementor-element elementor-element-7bfe3f2 elementor-widget elementor-widget-text-editor\" data-id=\"7bfe3f2\" data-element_type=\"widget\" data-e-type=\"widget\" data-widget_type=\"text-editor.default\">\n\t\t\t\t<div class=\"elementor-widget-container\">\n\t\t\t\t\t\t\t\t\t<p>Der Tiefdruck ist neben dem Hochdruck und dem Flachdruck eine der Vervielf\u00e4ltigungstechniken f\u00fcr k\u00fcnstlerische Arbeiten. Seit nunmehr \u00fcber 500 Jahren nutzen K\u00fcnstler die mannigfaltigen M\u00f6glichkeiten, die diese Technik bietet, f\u00fcr ihre Bildgestaltungen. Gearbeitet wird meistens mit Kupfer oder Zink. Mit speziellen Werkzeugen, wie Stichel, Nadel, Schaber oder Polierstahl, werden Vertiefungen in das Metall \u201eeingegraben\u201c und mit Druckfarbe versehen, der Drucker sagt \u201eeingef\u00e4rbt\u201c. Zum Druck wird auf die so pr\u00e4parierte Platte gefeuchtetes Papier aufgelegt. Durch den hohen Druck mittels einer Walzenpresse mit weichem Druckfilz (Tiefdruckpresse) wird die Farbe aus den Vertiefungen geholt und erscheint seitenverkehrt auf dem Papier.<br \/>Die Bandbreite zur Bearbeitung des Motivs ist sehr gro\u00df. Kupferstich, Kaltnadel, Mezzotinto sind Techniken aus der Anfangszeit der Radierung. Seit dem Einsatz von S\u00e4uren zum \u00c4tzen des Metalls kamen die Aquatinta und die Reservage (Aussprengtechnik) hinzu. Das Wunderbare an der Radiertechnik ist, dass alle diese Verfahren miteinander kombiniert werden k\u00f6nnen. Und genau das hat Julia Gutkina \u2028bei ihrer Teilnahme am 26. S\u00e4chsischen Druckgrafik.Symposion begeistert genutzt. Ihre auf das \u2028Wesentliche reduzierten Eindr\u00fccke aus der Natur, wie Schatten oder Wasserspiegelungen, werden z.\u202fB. mittels der Aussprengtechnik dargestellt.<br \/>Bei der Aussprengtechnik wird auf eine entfettete Metallplatte mit einer speziell angefertigten \u2028Tuschel\u00f6sung, man nennt sie auch \u201eZuckertusche\u201c, mit dem Pinsel eine Zeichnung aufgebracht und mit \u00c4tzgrund \u00fcberwalzt. Im anschlie\u00dfenden Wasserbad l\u00f6st sich die Zuckerl\u00f6sung, wird sozusagen weggesprengt. Das Metall liegt nun an den Stellen der Pinselzeichnung frei. Je nachdem, wie lange der K\u00fcnstler die Platte in der S\u00e4ure \u00e4tzt, entsteht an den R\u00e4ndern der Zeichnung eine zarte oder eine starke Kontur. Setzt der K\u00fcnstler anschlie\u00dfend die Aquatinta (ein Fl\u00e4chen\u00e4tzverfahren mit Asphalt- oder Kolophoniumstaub) ein, kann er damit die Zeichnung verst\u00e4rken und zus\u00e4tzlich Tonwerte erzeugen (<span style=\"text-decoration: underline;\"><a href=\"https:\/\/www.julia-gutkina.de\/wp-content\/uploads\/2021\/03\/ot_April_Radierung_rand.jpg\">siehe Arbeit \u2028o. titel, 2016<\/a><\/span>).<\/p><p>W\u00e4hrend ihres Studienaufenthaltes in Paris von 1999\u20132000 hatte Julia Gutkina die Vorz\u00fcge der Hayter-Technik, auch Viskosit\u00e4tsdruck genannt, kennengelernt. Eine mit mehreren Farben eingef\u00e4rbte Aquatintaplatte mit tief ge\u00e4tzten Strukturen, konventionell ausgewischt, wird mit einer harten Gummiwalze und verd\u00fcnnter Farbe und anschlie\u00dfend mit einer weichen Gummiwalze mit strenger Farbe unter m\u00e4\u00dfigem Druck \u00fcberwalzt. Dabei dringen die strengen Farbpartikel durch den weichen Gummi in die Tiefe, ohne den d\u00fcnnen Farbfilm, der auf der Oberfl\u00e4che liegt, zu verletzen. Es entsteht eine Vielzahl von steuerbaren Farbmischungen. Einige Arbeiten Gutkinas sind so entstanden.<\/p><p>Besonders erfreut war Julia Gutkina \u00fcber die vielen Ratschl\u00e4ge, die die Meister\u00addrucker des Symposions aufgrund ihrer 40j\u00e4hrigen Arbeit im Metier des Tiefdrucks haben. So nutzte sie z. B. den Vorschlag, Schablonen einzusetzen, um den Eindruck von Weite oder Tiefe im Bild noch zu verst\u00e4rken. Das hei\u00dft, vor der Farb\u00fcberrollung wurde eine Folie mit ausgeschnittenen Formen auf die Platte gelegt, so dass die Farbe gezielt nur an den vorgesehenen Stellen erschien (<span style=\"text-decoration: underline;\"><a href=\"https:\/\/www.julia-gutkina.de\/wp-content\/uploads\/2021\/03\/ot_Radierung_p15b_rand.jpg\">siehe Arbeit o. titel, 2016<\/a><\/span>). Um gro\u00dfformatige Platten mit der Hayter-Technik einf\u00e4rben zu k\u00f6nnen, werden besonders dicke Walzen ben\u00f6tigt, damit mit deren Umfang das einmalige \u00dcberrollen der Platte gew\u00e4hrleistet ist. Die Einf\u00e4rbvorrichtung der gro\u00dfen Walzen gibt es au\u00dfer in unserer Werkstatt wohl nur noch in Paris und in D\u00e4nemark.<\/p><p>Um das Thema Vielf\u00e4ltigkeit des Tiefdruckes nochmals zu unterstreichen, sei hier noch die unter dem Namen \u201eChine coll\u00e9\u201c bekannte Methode genannt. Dabei wird China- oder Japanpapier d\u00fcnn mit Kleister eingestrichen und beim Drucken auf das Tr\u00e4gerpapier collagiert. Diese M\u00f6glichkeit nutzte schon Hercules Seghers (um 1590 \u2013 um 1638). W\u00e4hrend er das volle Plattenformat aussch\u00f6pfte, arbeitete Julia Gutkina mit gerissenen \u201eSchnipseln\u201c (siehe Arbeiten <span style=\"text-decoration: underline;\"><a href=\"https:\/\/www.julia-gutkina.de\/wp-content\/uploads\/2021\/03\/ot_Radierung_p15a_rand.jpg\">o. titel, 2016<\/a><\/span>; sowie <span style=\"text-decoration: underline;\"><a href=\"https:\/\/www.julia-gutkina.de\/wp-content\/uploads\/2021\/03\/ot_von_innen_rand.jpg\">o. titel, 2016<\/a><\/span>). Eine geniale M\u00f6glichkeit, die Wirkung der Grafik zu erh\u00f6hen.<br \/>Zurzeit hat es die Wertsch\u00e4tzung der Grafik nicht leicht, aber dieses Auf und Ab hat es schon immer gegeben.<\/p><p>Wir f\u00fchren seit 1991 das S\u00e4chsische Druckgrafik.Symposion durch und haben seitdem 142 K\u00fcnstlern tiefe Einblicke in die \u201eSchwarze Kunst\u201c gew\u00e4hrt. Wenn auch zurzeit die M\u00f6glichkeiten des Computers neugierig machen und die kreative Arbeit bereichern \u2013 das Handwerk wird f\u00fcr neue Generationen seine Faszination nicht verlieren.<br \/>Und solange es K\u00fcnstler wie Julia Gutkina gibt, die ihre \u00fcberbordende Schaffensfreude auch uns Werkstattbetreiber sp\u00fcren l\u00e4sst, ist es um die Druckgrafik gut bestellt.<\/p><p>Jeanette R\u00f6ssler<\/p>\t\t\t\t\t\t\t\t<\/div>\n\t\t\t\t<\/div>\n\t\t\t\t<div class=\"elementor-element elementor-element-375c26d elementor-widget elementor-widget-text-editor\" data-id=\"375c26d\" data-element_type=\"widget\" data-e-type=\"widget\" data-widget_type=\"text-editor.default\">\n\t\t\t\t<div class=\"elementor-widget-container\">\n\t\t\t\t\t\t\t\t\t<p><i>Die Abbildungen zeigen Reinhard R\u00f6ssler, Robert Schmiedel und Jeanette R\u00f6ssler beim Druckprozess der Arbeit <span style=\"text-decoration: underline;\"><a href=\"https:\/\/www.julia-gutkina.de\/wp-content\/uploads\/2021\/03\/ot_Radierung_p15b_rand.jpg\">o. titel, 2016<\/a><\/span>.<\/i><\/p>\t\t\t\t\t\t\t\t<\/div>\n\t\t\t\t<\/div>\n\t\t\t\t<div class=\"elementor-element elementor-element-e0d5e17 elementor-widget elementor-widget-spacer\" data-id=\"e0d5e17\" data-element_type=\"widget\" data-e-type=\"widget\" data-widget_type=\"spacer.default\">\n\t\t\t\t<div class=\"elementor-widget-container\">\n\t\t\t\t\t\t\t<div class=\"elementor-spacer\">\n\t\t\t<div class=\"elementor-spacer-inner\"><\/div>\n\t\t<\/div>\n\t\t\t\t\t\t<\/div>\n\t\t\t\t<\/div>\n\t\t\t\t\t<\/div>\n\t\t<\/div>\n\t\t\t\t\t<\/div>\n\t\t<\/section>\n\t\t\t\t<section class=\"elementor-section elementor-top-section elementor-element elementor-element-39ab663 elementor-section-height-min-height elementor-section-items-top elementor-section-boxed elementor-section-height-default\" data-id=\"39ab663\" data-element_type=\"section\" data-e-type=\"section\" data-settings=\"{&quot;background_background&quot;:&quot;classic&quot;}\">\n\t\t\t\t\t\t<div class=\"elementor-container elementor-column-gap-default\">\n\t\t\t\t\t<div class=\"elementor-column elementor-col-33 elementor-top-column elementor-element elementor-element-ee8b086\" data-id=\"ee8b086\" data-element_type=\"column\" data-e-type=\"column\">\n\t\t\t<div class=\"elementor-widget-wrap elementor-element-populated\">\n\t\t\t\t\t\t<div class=\"elementor-element elementor-element-44dce4c elementor-widget elementor-widget-text-editor\" data-id=\"44dce4c\" data-element_type=\"widget\" data-e-type=\"widget\" data-widget_type=\"text-editor.default\">\n\t\t\t\t<div class=\"elementor-widget-container\">\n\t\t\t\t\t\t\t\t\t<p><span style=\"color: #000000;\"><a style=\"color: #000000;\" href=\"mailto:contact@julia-gutkina.de\">contact@julia-gutkina.de<\/a><\/span><\/p><p><a href=\"https:\/\/www.julia-gutkina.de\/en\/impressum\/\">Imprint<\/a><br \/><a style=\"font-size: 14px;\" href=\"https:\/\/www.julia-gutkina.de\/en\/datenschutzerklaerung\/\">Privacy Policy<\/a><\/p>\t\t\t\t\t\t\t\t<\/div>\n\t\t\t\t<\/div>\n\t\t\t\t\t<\/div>\n\t\t<\/div>\n\t\t\t\t<div class=\"elementor-column elementor-col-33 elementor-top-column elementor-element elementor-element-fda554a\" data-id=\"fda554a\" data-element_type=\"column\" data-e-type=\"column\">\n\t\t\t<div class=\"elementor-widget-wrap elementor-element-populated\">\n\t\t\t\t\t\t<div class=\"elementor-element elementor-element-2ca60d8 elementor-widget elementor-widget-text-editor\" data-id=\"2ca60d8\" data-element_type=\"widget\" data-e-type=\"widget\" data-widget_type=\"text-editor.default\">\n\t\t\t\t<div class=\"elementor-widget-container\">\n\t\t\t\t\t\t\t\t\t<p>Kindly supported by<br \/>BBK &#8222;Neustart Kultur&#8220;<br \/>Die Beauftragte der Bundesregierung f\u00fcr Kultur und Medien<\/p>\t\t\t\t\t\t\t\t<\/div>\n\t\t\t\t<\/div>\n\t\t\t\t\t<\/div>\n\t\t<\/div>\n\t\t\t\t<div class=\"elementor-column elementor-col-33 elementor-top-column elementor-element elementor-element-7525813\" data-id=\"7525813\" data-element_type=\"column\" data-e-type=\"column\">\n\t\t\t<div class=\"elementor-widget-wrap elementor-element-populated\">\n\t\t\t\t\t\t<div class=\"elementor-element elementor-element-81d7132 elementor-widget__width-initial elementor-widget elementor-widget-text-editor\" data-id=\"81d7132\" data-element_type=\"widget\" data-e-type=\"widget\" data-widget_type=\"text-editor.default\">\n\t\t\t\t<div class=\"elementor-widget-container\">\n\t\t\t\t\t\t\t\t\t<p>Visit my studio on Instagram<\/p>\t\t\t\t\t\t\t\t<\/div>\n\t\t\t\t<\/div>\n\t\t\t\t<div class=\"elementor-element elementor-element-66d405a elementor-widget elementor-widget-image\" data-id=\"66d405a\" data-element_type=\"widget\" data-e-type=\"widget\" data-widget_type=\"image.default\">\n\t\t\t\t<div class=\"elementor-widget-container\">\n\t\t\t\t\t\t\t\t\t\t\t\t\t\t\t\t<a href=\"https:\/\/www.instagram.com\/atelier_julia_gutkina\/\">\n\t\t\t\t\t\t\t<img decoding=\"async\" width=\"30\" height=\"30\" src=\"https:\/\/www.julia-gutkina.de\/wp-content\/uploads\/2025\/02\/Instagram-Icon-1.png\" class=\"attachment-thumbnail size-thumbnail wp-image-2040\" alt=\"\" srcset=\"https:\/\/www.julia-gutkina.de\/wp-content\/uploads\/2025\/02\/Instagram-Icon-1.png 30w, https:\/\/www.julia-gutkina.de\/wp-content\/uploads\/2025\/02\/Instagram-Icon-1-12x12.png 12w\" sizes=\"(max-width: 30px) 100vw, 30px\" \/>\t\t\t\t\t\t\t\t<\/a>\n\t\t\t\t\t\t\t\t\t\t\t\t\t\t\t<\/div>\n\t\t\t\t<\/div>\n\t\t\t\t\t<\/div>\n\t\t<\/div>\n\t\t\t\t\t<\/div>\n\t\t<\/section>\n\t\t\t\t<\/div>","protected":false},"excerpt":{"rendered":"<p>Der Tiefdruck ist neben dem Hochdruck und dem Flachdruck eine der Vervielf\u00e4ltigungstechniken f\u00fcr k\u00fcnstlerische Arbeiten. Seit nunmehr \u00fcber 500 Jahren nutzen K\u00fcnstler die mannigfaltigen M\u00f6glichkeiten, die diese Technik bietet, f\u00fcr ihre Bildgestaltungen. Gearbeitet wird meistens mit Kupfer oder Zink. Mit speziellen Werkzeugen, wie Stichel, Nadel, Schaber oder Polierstahl, werden Vertiefungen in das Metall \u201eeingegraben\u201c und [&hellip;]<\/p>\n","protected":false},"author":1,"featured_media":0,"parent":0,"menu_order":0,"comment_status":"closed","ping_status":"closed","template":"","meta":{"ocean_post_layout":"full-screen","ocean_both_sidebars_style":"","ocean_both_sidebars_content_width":0,"ocean_both_sidebars_sidebars_width":0,"ocean_sidebar":"0","ocean_second_sidebar":"0","ocean_disable_margins":"enable","ocean_add_body_class":"","ocean_shortcode_before_top_bar":"","ocean_shortcode_after_top_bar":"","ocean_shortcode_before_header":"","ocean_shortcode_after_header":"","ocean_has_shortcode":"","ocean_shortcode_after_title":"","ocean_shortcode_before_footer_widgets":"","ocean_shortcode_after_footer_widgets":"","ocean_shortcode_before_footer_bottom":"","ocean_shortcode_after_footer_bottom":"","ocean_display_top_bar":"off","ocean_display_header":"default","ocean_header_style":"","ocean_center_header_left_menu":"0","ocean_custom_header_template":"0","ocean_custom_logo":0,"ocean_custom_retina_logo":0,"ocean_custom_logo_max_width":0,"ocean_custom_logo_tablet_max_width":0,"ocean_custom_logo_mobile_max_width":0,"ocean_custom_logo_max_height":0,"ocean_custom_logo_tablet_max_height":0,"ocean_custom_logo_mobile_max_height":0,"ocean_header_custom_menu":"0","ocean_menu_typo_font_family":"0","ocean_menu_typo_font_subset":"","ocean_menu_typo_font_size":0,"ocean_menu_typo_font_size_tablet":0,"ocean_menu_typo_font_size_mobile":0,"ocean_menu_typo_font_size_unit":"px","ocean_menu_typo_font_weight":"","ocean_menu_typo_font_weight_tablet":"","ocean_menu_typo_font_weight_mobile":"","ocean_menu_typo_transform":"","ocean_menu_typo_transform_tablet":"","ocean_menu_typo_transform_mobile":"","ocean_menu_typo_line_height":0,"ocean_menu_typo_line_height_tablet":0,"ocean_menu_typo_line_height_mobile":0,"ocean_menu_typo_line_height_unit":"","ocean_menu_typo_spacing":0,"ocean_menu_typo_spacing_tablet":0,"ocean_menu_typo_spacing_mobile":0,"ocean_menu_typo_spacing_unit":"","ocean_menu_link_color":"","ocean_menu_link_color_hover":"","ocean_menu_link_color_active":"","ocean_menu_link_background":"","ocean_menu_link_hover_background":"","ocean_menu_link_active_background":"","ocean_menu_social_links_bg":"","ocean_menu_social_hover_links_bg":"","ocean_menu_social_links_color":"","ocean_menu_social_hover_links_color":"","ocean_disable_title":"on","ocean_disable_heading":"default","ocean_post_title":"","ocean_post_subheading":"","ocean_post_title_style":"","ocean_post_title_background_color":"","ocean_post_title_background":0,"ocean_post_title_bg_image_position":"","ocean_post_title_bg_image_attachment":"","ocean_post_title_bg_image_repeat":"","ocean_post_title_bg_image_size":"","ocean_post_title_height":0,"ocean_post_title_bg_overlay":0.5,"ocean_post_title_bg_overlay_color":"","ocean_disable_breadcrumbs":"default","ocean_breadcrumbs_color":"","ocean_breadcrumbs_separator_color":"","ocean_breadcrumbs_links_color":"","ocean_breadcrumbs_links_hover_color":"","ocean_display_footer_widgets":"off","ocean_display_footer_bottom":"off","ocean_custom_footer_template":"0","footnotes":""},"class_list":["post-144","page","type-page","status-publish","hentry","entry"],"_links":{"self":[{"href":"https:\/\/www.julia-gutkina.de\/en\/wp-json\/wp\/v2\/pages\/144","targetHints":{"allow":["GET"]}}],"collection":[{"href":"https:\/\/www.julia-gutkina.de\/en\/wp-json\/wp\/v2\/pages"}],"about":[{"href":"https:\/\/www.julia-gutkina.de\/en\/wp-json\/wp\/v2\/types\/page"}],"author":[{"embeddable":true,"href":"https:\/\/www.julia-gutkina.de\/en\/wp-json\/wp\/v2\/users\/1"}],"replies":[{"embeddable":true,"href":"https:\/\/www.julia-gutkina.de\/en\/wp-json\/wp\/v2\/comments?post=144"}],"version-history":[{"count":89,"href":"https:\/\/www.julia-gutkina.de\/en\/wp-json\/wp\/v2\/pages\/144\/revisions"}],"predecessor-version":[{"id":2149,"href":"https:\/\/www.julia-gutkina.de\/en\/wp-json\/wp\/v2\/pages\/144\/revisions\/2149"}],"wp:attachment":[{"href":"https:\/\/www.julia-gutkina.de\/en\/wp-json\/wp\/v2\/media?parent=144"}],"curies":[{"name":"wp","href":"https:\/\/api.w.org\/{rel}","templated":true}]}}