{"id":142,"date":"2021-03-03T22:12:39","date_gmt":"2021-03-03T21:12:39","guid":{"rendered":"https:\/\/www.julia-gutkina.de\/?page_id=142"},"modified":"2025-02-02T22:48:40","modified_gmt":"2025-02-02T21:48:40","slug":"franka-keil","status":"publish","type":"page","link":"https:\/\/www.julia-gutkina.de\/en\/franka-keil\/","title":{"rendered":"Franka Keil"},"content":{"rendered":"<div data-elementor-type=\"wp-page\" data-elementor-id=\"142\" class=\"elementor elementor-142\">\n\t\t\t\t\t\t<section class=\"elementor-section elementor-top-section elementor-element elementor-element-0b5c78f elementor-section-boxed elementor-section-height-default elementor-section-height-default\" data-id=\"0b5c78f\" data-element_type=\"section\" data-e-type=\"section\">\n\t\t\t\t\t\t<div class=\"elementor-container elementor-column-gap-default\">\n\t\t\t\t\t<div class=\"elementor-column elementor-col-100 elementor-top-column elementor-element elementor-element-5d29d8f\" data-id=\"5d29d8f\" data-element_type=\"column\" data-e-type=\"column\">\n\t\t\t<div class=\"elementor-widget-wrap elementor-element-populated\">\n\t\t\t\t\t\t<div class=\"elementor-element elementor-element-0b17aed elementor-widget elementor-widget-spacer\" data-id=\"0b17aed\" data-element_type=\"widget\" data-e-type=\"widget\" data-widget_type=\"spacer.default\">\n\t\t\t\t<div class=\"elementor-widget-container\">\n\t\t\t\t\t\t\t<div class=\"elementor-spacer\">\n\t\t\t<div class=\"elementor-spacer-inner\"><\/div>\n\t\t<\/div>\n\t\t\t\t\t\t<\/div>\n\t\t\t\t<\/div>\n\t\t\t\t<div class=\"elementor-element elementor-element-d33d17b elementor-widget elementor-widget-text-editor\" data-id=\"d33d17b\" data-element_type=\"widget\" data-e-type=\"widget\" data-widget_type=\"text-editor.default\">\n\t\t\t\t<div class=\"elementor-widget-container\">\n\t\t\t\t\t\t\t\t\t<h4><strong>Herausforderung: Pleinair<\/strong><\/h4><p>Julia Gutkina lernte ich 2014 als Jurymitglied des X. internationalen Pleinairs im Atelier Otto Niemeyer-Holstein auf der Insel Usedom kennen. Die Jury hatte damals die besonders schwere Aufgabe, Teilnehmer aus \u00fcber 80 Bewerbern aus dem In- und Ausland auszuw\u00e4hlen. Julia Gutkina konnte mit ihren Arbeiten \u00fcberzeugen. Ebenso wie der Stifter des Pleinairs sollten die K\u00fcnstler \u201eBewunderer der sichtbaren Welt\u201c\u2009\u00b9 sein und gegenst\u00e4ndlich arbeiten k\u00f6nnen, um sich auf die Landschaft und das K\u00fcnstleranwesen einlassen zu k\u00f6nnen.<\/p><p>\u201eIn der Malerei ist Licht nicht darstellbar, davon bin ich \u00fcberzeugt. Auch hier spielt das \u201eAls ob\u201c die entscheidende Rolle. Es gibt verschiedene Ansichten dar\u00fcber, aber ich meine, C\u00e9zanne hat recht, dass die Farbe das Licht interpretieren muss.<\/p><p>Man muss die Luft als Maler sehen; ob man sie auch malen will, ist eine andere Frage. Aber es ist doch die Luft, die r\u00e4umliche Gegebenheiten in nat\u00fcrliche Zusammenh\u00e4nge bringt, sie ordnet und gliedert. Die Luft malen, das war nicht nur das Problem der Impressionisten, diese darauf zu begrenzen hei\u00dft zugleich auch die Impressionisten nicht richtig begreifen. Mit dem Problem der Luft wird sich jeder Maler auseinandersetzen m\u00fcssen, besonders wenn er in die Landschaft geht.\u201c\u2009\u00b2<\/p><p>F\u00fcr Julia Gutkina war der Pleinairaufenthalt auf der Insel Usedom ein wichtiger Wendepunkt, eine willkommene Auffrischung ihres Arbeitsalltags, eine gl\u00fcckliche F\u00fcgung und Ansporn zugleich. Aufgewachsen in St. Petersburg, verbrachte sie ihre Sommerferien oft am Finnischen Meerbusen. Sie mag die gedeckte Farbigkeit der Ostseek\u00fcste, den tiefen rauen Himmel und die Weite der D\u00fcnen. Immer wieder zieht es sie an die Ostsee.<\/p><p>\u201eL\u00fcttenort\u201c, das Refugium des Malers Otto Niemeyer-Holstein, von ihm selbst \u00fcber Jahrzehnte zu einem Verwandelspiel von Kunst und Natur gestaltet, liegt an der schmalsten Stelle der Insel Usedom. Das Meer, die Damerower Wiesen, der Wald und das verschilfte Ufer des Boddens, die Steilk\u00fcste in Koserow, nur wenige Schritte entfernt, bieten im Zusammenspiel von Wolken, Wind und wechselnden Lichtverh\u00e4ltnissen immer wieder neue Eindr\u00fccke.<\/p><p>Julia Gutkina nahm die Herausforderung an. Ihre Pleinairarbeiten leuchten in intensiver Farbigkeit und geben die Stimmung der Landschaft ausdrucksstark wieder: das silbern schimmernde Achterwasser, umgeben von \u00fcppiger Schilf- und Wiesenvegetation, sowie Garten- und Uferbereiche. Julia Gutkina hat eine scharfe Beobachtungsgabe, sie hat sich eine eigenwillige Sehweise angeeignet: Ungew\u00f6hnliches zu sehen, wie bizarre Schattenformen in der D\u00fcnenlandschaft, Buhnen die einen waagerecht verlaufenden graphischen Rhythmus bilden.<\/p><p>Die Strand- und Deichinterpretationen nehmen einen gro\u00dfen Raum ein und \u00fcberraschen durch eine ungew\u00f6hnliche Perspektive. Hier sehe ich die K\u00fcnstlerin am st\u00e4rksten. Sie w\u00e4hlt f\u00fcr ihre Naturbeobachtungen Ausschnitte, Verwerfungen, Strukturen und Farbverl\u00e4ufe der f\u00fcr die Insel Usedom typischen Sandd\u00fcnen. Kontrastreich werden Restformen und Negativformen graphisch herausgearbeitet. Hier ist der von Julia Gutkina beschrittene Weg sehr gut erkennbar: von der Anschauung zur Abstraktion. <br \/>Die \u201esichtbare Welt\u201c bietet f\u00fcr Gutkinas Entdeckungen eine unersch\u00f6pfliche \u2028Quelle \u2013 dies bezeugen auch die Pleinairarbeiten, die in Finnland 2015\u201316 geschaffen werden. Dort malt sie eine Reihe sehr intimer Gem\u00e4lde von Innen- und Au\u00dfenansichten. Das kleine Format unterstreicht diesen Charakter. Zu sehen sind Felsengebilde in abendlicher Stimmung, W\u00e4lder an Seen, Sp\u00e4tsommer und Stille. Die Arbeiten sind sehr atmosph\u00e4risch und spiegeln uns stimmungsvoll innere Ruhe und den Einklang mit der Natur wider. Die Freilichtmalerei wird f\u00fcr Julia Gutkina in den folgenden Jahren eine Erg\u00e4nzung und Vervollkommnung ihrer k\u00fcnstlerischen T\u00e4tigkeit, wie auch die wunderbaren Tuschzeichnungen und Aquarell\/Gouachearbeiten zeigen, die 2018 w\u00e4hrend ihres Aufenthaltes im Naturpark Unteres Odertal entstehen.<br \/>\u201eDas ist doch als Maler mein eigentliches Leben: das Sehen, sehen und dann \u00fcbersetzen. Wenn ich so ein St\u00fcck Gras wirklich erfasse und einen Organismus schaffe, der dem entspricht: da muss die ganze Welt drin sein.\u201c\u2009\u00b3<\/p><p>Franka Keil<\/p><p>\u00b9 Joachim John<br \/>\u00b2 Otto Niemeyer-Holstein in L\u00fcttenort, Berlin 2019, S. 276 ff\u2028<br \/>\u00b3 Otto Niemeyer-Holstein 1982 in dem Film \u201e\u2026und der Strand ist meine gro\u00dfe Geliebte.\u201c<\/p>\t\t\t\t\t\t\t\t<\/div>\n\t\t\t\t<\/div>\n\t\t\t\t<div class=\"elementor-element elementor-element-d7aca28 elementor-widget elementor-widget-spacer\" data-id=\"d7aca28\" data-element_type=\"widget\" data-e-type=\"widget\" data-widget_type=\"spacer.default\">\n\t\t\t\t<div class=\"elementor-widget-container\">\n\t\t\t\t\t\t\t<div class=\"elementor-spacer\">\n\t\t\t<div class=\"elementor-spacer-inner\"><\/div>\n\t\t<\/div>\n\t\t\t\t\t\t<\/div>\n\t\t\t\t<\/div>\n\t\t\t\t\t<\/div>\n\t\t<\/div>\n\t\t\t\t\t<\/div>\n\t\t<\/section>\n\t\t\t\t<section class=\"elementor-section elementor-top-section elementor-element elementor-element-4fd7f41 elementor-section-height-min-height elementor-section-items-top elementor-section-boxed elementor-section-height-default\" data-id=\"4fd7f41\" data-element_type=\"section\" data-e-type=\"section\" data-settings=\"{&quot;background_background&quot;:&quot;classic&quot;}\">\n\t\t\t\t\t\t<div class=\"elementor-container elementor-column-gap-default\">\n\t\t\t\t\t<div class=\"elementor-column elementor-col-33 elementor-top-column elementor-element elementor-element-37e1c3b\" data-id=\"37e1c3b\" data-element_type=\"column\" data-e-type=\"column\">\n\t\t\t<div class=\"elementor-widget-wrap elementor-element-populated\">\n\t\t\t\t\t\t<div class=\"elementor-element elementor-element-006371c elementor-widget elementor-widget-text-editor\" data-id=\"006371c\" data-element_type=\"widget\" data-e-type=\"widget\" data-widget_type=\"text-editor.default\">\n\t\t\t\t<div class=\"elementor-widget-container\">\n\t\t\t\t\t\t\t\t\t<p><span style=\"color: #000000;\"><a style=\"color: #000000;\" href=\"mailto:contact@julia-gutkina.de\">contact@julia-gutkina.de<\/a><\/span><\/p><p><a href=\"https:\/\/www.julia-gutkina.de\/en\/impressum\/\">Imprint<\/a><br \/><a style=\"font-size: 14px;\" href=\"https:\/\/www.julia-gutkina.de\/en\/datenschutzerklaerung\/\">Privacy Policy<\/a><\/p>\t\t\t\t\t\t\t\t<\/div>\n\t\t\t\t<\/div>\n\t\t\t\t\t<\/div>\n\t\t<\/div>\n\t\t\t\t<div class=\"elementor-column elementor-col-33 elementor-top-column elementor-element elementor-element-04d6857\" data-id=\"04d6857\" data-element_type=\"column\" data-e-type=\"column\">\n\t\t\t<div class=\"elementor-widget-wrap elementor-element-populated\">\n\t\t\t\t\t\t<div class=\"elementor-element elementor-element-2e9b4e5 elementor-widget elementor-widget-text-editor\" data-id=\"2e9b4e5\" data-element_type=\"widget\" data-e-type=\"widget\" data-widget_type=\"text-editor.default\">\n\t\t\t\t<div class=\"elementor-widget-container\">\n\t\t\t\t\t\t\t\t\t<p>Kindly supported by<br \/>BBK &#8222;Neustart Kultur&#8220;<br \/>Die Beauftragte der Bundesregierung f\u00fcr Kultur und Medien<\/p>\t\t\t\t\t\t\t\t<\/div>\n\t\t\t\t<\/div>\n\t\t\t\t\t<\/div>\n\t\t<\/div>\n\t\t\t\t<div class=\"elementor-column elementor-col-33 elementor-top-column elementor-element elementor-element-ea71f0f\" data-id=\"ea71f0f\" data-element_type=\"column\" data-e-type=\"column\">\n\t\t\t<div class=\"elementor-widget-wrap elementor-element-populated\">\n\t\t\t\t\t\t<div class=\"elementor-element elementor-element-1d7a5aa elementor-widget__width-initial elementor-widget elementor-widget-text-editor\" data-id=\"1d7a5aa\" data-element_type=\"widget\" data-e-type=\"widget\" data-widget_type=\"text-editor.default\">\n\t\t\t\t<div class=\"elementor-widget-container\">\n\t\t\t\t\t\t\t\t\t<p>Visit my studio on Instagram<\/p>\t\t\t\t\t\t\t\t<\/div>\n\t\t\t\t<\/div>\n\t\t\t\t<div class=\"elementor-element elementor-element-fcf6cec elementor-widget elementor-widget-image\" data-id=\"fcf6cec\" data-element_type=\"widget\" data-e-type=\"widget\" data-widget_type=\"image.default\">\n\t\t\t\t<div class=\"elementor-widget-container\">\n\t\t\t\t\t\t\t\t\t\t\t\t\t\t\t\t<a href=\"https:\/\/www.instagram.com\/atelier_julia_gutkina\/\">\n\t\t\t\t\t\t\t<img decoding=\"async\" width=\"30\" height=\"30\" src=\"https:\/\/www.julia-gutkina.de\/wp-content\/uploads\/2025\/02\/Instagram-Icon-1.png\" class=\"attachment-thumbnail size-thumbnail wp-image-2040\" alt=\"\" srcset=\"https:\/\/www.julia-gutkina.de\/wp-content\/uploads\/2025\/02\/Instagram-Icon-1.png 30w, https:\/\/www.julia-gutkina.de\/wp-content\/uploads\/2025\/02\/Instagram-Icon-1-12x12.png 12w\" sizes=\"(max-width: 30px) 100vw, 30px\" \/>\t\t\t\t\t\t\t\t<\/a>\n\t\t\t\t\t\t\t\t\t\t\t\t\t\t\t<\/div>\n\t\t\t\t<\/div>\n\t\t\t\t\t<\/div>\n\t\t<\/div>\n\t\t\t\t\t<\/div>\n\t\t<\/section>\n\t\t\t\t<\/div>","protected":false},"excerpt":{"rendered":"<p>Herausforderung: Pleinair Julia Gutkina lernte ich 2014 als Jurymitglied des X. internationalen Pleinairs im Atelier Otto Niemeyer-Holstein auf der Insel Usedom kennen. Die Jury hatte damals die besonders schwere Aufgabe, Teilnehmer aus \u00fcber 80 Bewerbern aus dem In- und Ausland auszuw\u00e4hlen. Julia Gutkina konnte mit ihren Arbeiten \u00fcberzeugen. Ebenso wie der Stifter des Pleinairs sollten [&hellip;]<\/p>\n","protected":false},"author":1,"featured_media":0,"parent":0,"menu_order":0,"comment_status":"closed","ping_status":"closed","template":"","meta":{"ocean_post_layout":"full-screen","ocean_both_sidebars_style":"","ocean_both_sidebars_content_width":0,"ocean_both_sidebars_sidebars_width":0,"ocean_sidebar":"0","ocean_second_sidebar":"0","ocean_disable_margins":"enable","ocean_add_body_class":"","ocean_shortcode_before_top_bar":"","ocean_shortcode_after_top_bar":"","ocean_shortcode_before_header":"","ocean_shortcode_after_header":"","ocean_has_shortcode":"","ocean_shortcode_after_title":"","ocean_shortcode_before_footer_widgets":"","ocean_shortcode_after_footer_widgets":"","ocean_shortcode_before_footer_bottom":"","ocean_shortcode_after_footer_bottom":"","ocean_display_top_bar":"off","ocean_display_header":"default","ocean_header_style":"","ocean_center_header_left_menu":"0","ocean_custom_header_template":"0","ocean_custom_logo":0,"ocean_custom_retina_logo":0,"ocean_custom_logo_max_width":0,"ocean_custom_logo_tablet_max_width":0,"ocean_custom_logo_mobile_max_width":0,"ocean_custom_logo_max_height":0,"ocean_custom_logo_tablet_max_height":0,"ocean_custom_logo_mobile_max_height":0,"ocean_header_custom_menu":"0","ocean_menu_typo_font_family":"0","ocean_menu_typo_font_subset":"","ocean_menu_typo_font_size":0,"ocean_menu_typo_font_size_tablet":0,"ocean_menu_typo_font_size_mobile":0,"ocean_menu_typo_font_size_unit":"px","ocean_menu_typo_font_weight":"","ocean_menu_typo_font_weight_tablet":"","ocean_menu_typo_font_weight_mobile":"","ocean_menu_typo_transform":"","ocean_menu_typo_transform_tablet":"","ocean_menu_typo_transform_mobile":"","ocean_menu_typo_line_height":0,"ocean_menu_typo_line_height_tablet":0,"ocean_menu_typo_line_height_mobile":0,"ocean_menu_typo_line_height_unit":"","ocean_menu_typo_spacing":0,"ocean_menu_typo_spacing_tablet":0,"ocean_menu_typo_spacing_mobile":0,"ocean_menu_typo_spacing_unit":"","ocean_menu_link_color":"","ocean_menu_link_color_hover":"","ocean_menu_link_color_active":"","ocean_menu_link_background":"","ocean_menu_link_hover_background":"","ocean_menu_link_active_background":"","ocean_menu_social_links_bg":"","ocean_menu_social_hover_links_bg":"","ocean_menu_social_links_color":"","ocean_menu_social_hover_links_color":"","ocean_disable_title":"on","ocean_disable_heading":"default","ocean_post_title":"","ocean_post_subheading":"","ocean_post_title_style":"","ocean_post_title_background_color":"","ocean_post_title_background":0,"ocean_post_title_bg_image_position":"","ocean_post_title_bg_image_attachment":"","ocean_post_title_bg_image_repeat":"","ocean_post_title_bg_image_size":"","ocean_post_title_height":0,"ocean_post_title_bg_overlay":0.5,"ocean_post_title_bg_overlay_color":"","ocean_disable_breadcrumbs":"default","ocean_breadcrumbs_color":"","ocean_breadcrumbs_separator_color":"","ocean_breadcrumbs_links_color":"","ocean_breadcrumbs_links_hover_color":"","ocean_display_footer_widgets":"off","ocean_display_footer_bottom":"off","ocean_custom_footer_template":"0","footnotes":""},"class_list":["post-142","page","type-page","status-publish","hentry","entry"],"_links":{"self":[{"href":"https:\/\/www.julia-gutkina.de\/en\/wp-json\/wp\/v2\/pages\/142","targetHints":{"allow":["GET"]}}],"collection":[{"href":"https:\/\/www.julia-gutkina.de\/en\/wp-json\/wp\/v2\/pages"}],"about":[{"href":"https:\/\/www.julia-gutkina.de\/en\/wp-json\/wp\/v2\/types\/page"}],"author":[{"embeddable":true,"href":"https:\/\/www.julia-gutkina.de\/en\/wp-json\/wp\/v2\/users\/1"}],"replies":[{"embeddable":true,"href":"https:\/\/www.julia-gutkina.de\/en\/wp-json\/wp\/v2\/comments?post=142"}],"version-history":[{"count":44,"href":"https:\/\/www.julia-gutkina.de\/en\/wp-json\/wp\/v2\/pages\/142\/revisions"}],"predecessor-version":[{"id":2150,"href":"https:\/\/www.julia-gutkina.de\/en\/wp-json\/wp\/v2\/pages\/142\/revisions\/2150"}],"wp:attachment":[{"href":"https:\/\/www.julia-gutkina.de\/en\/wp-json\/wp\/v2\/media?parent=142"}],"curies":[{"name":"wp","href":"https:\/\/api.w.org\/{rel}","templated":true}]}}